{"id":194,"date":"2022-07-07T17:17:28","date_gmt":"2022-07-07T20:17:28","guid":{"rendered":"https:\/\/lutsot.com.br\/?page_id=194"},"modified":"2022-07-19T18:54:08","modified_gmt":"2022-07-19T21:54:08","slug":"projetos-engenharia-civil","status":"publish","type":"page","link":"https:\/\/lutsot.com.br\/index.php\/projetos-engenharia-civil\/","title":{"rendered":"Projetos Engenharia Civil"},"content":{"rendered":"\t\t<div data-elementor-type=\"wp-page\" data-elementor-id=\"194\" class=\"elementor elementor-194\" data-elementor-post-type=\"page\">\n\t\t\t\t<div class=\"elementor-element elementor-element-7dfc9e2 e-flex e-con-boxed e-con e-parent\" data-id=\"7dfc9e2\" data-element_type=\"container\" data-e-type=\"container\" data-settings=\"{&quot;background_background&quot;:&quot;gradient&quot;}\">\n\t\t\t\t\t<div class=\"e-con-inner\">\n\t\t\t\t<div class=\"elementor-element elementor-element-9f4d41c elementor-widget elementor-widget-heading\" data-id=\"9f4d41c\" data-element_type=\"widget\" data-e-type=\"widget\" data-widget_type=\"heading.default\">\n\t\t\t\t<div class=\"elementor-widget-container\">\n\t\t\t\t\t<h2 class=\"elementor-heading-title elementor-size-default\">Projetos Engenharia Civil<\/h2>\t\t\t\t<\/div>\n\t\t\t\t<\/div>\n\t\t\t\t\t<\/div>\n\t\t\t\t<\/div>\n\t\t<div class=\"elementor-element elementor-element-85d461a e-con-full e-flex e-con e-parent\" data-id=\"85d461a\" data-element_type=\"container\" data-e-type=\"container\">\n\t\t<div class=\"elementor-element elementor-element-54408f8 e-con-full e-flex e-con e-parent\" data-id=\"54408f8\" data-element_type=\"container\" data-e-type=\"container\">\n\t\t\t\t<div class=\"elementor-element elementor-element-bedf4ca elementor-widget elementor-widget-image\" data-id=\"bedf4ca\" data-element_type=\"widget\" data-e-type=\"widget\" data-widget_type=\"image.default\">\n\t\t\t\t<div class=\"elementor-widget-container\">\n\t\t\t\t\t\t\t\t\t\t\t\t\t\t\t<img fetchpriority=\"high\" decoding=\"async\" width=\"800\" height=\"663\" src=\"https:\/\/lutsot.com.br\/wp-content\/uploads\/2022\/07\/lutsot_engenharia_1225-1024x848.png\" class=\"attachment-large size-large wp-image-1461\" alt=\"\" srcset=\"https:\/\/lutsot.com.br\/wp-content\/uploads\/2022\/07\/lutsot_engenharia_1225-1024x848.png 1024w, https:\/\/lutsot.com.br\/wp-content\/uploads\/2022\/07\/lutsot_engenharia_1225-300x248.png 300w, https:\/\/lutsot.com.br\/wp-content\/uploads\/2022\/07\/lutsot_engenharia_1225-768x636.png 768w, https:\/\/lutsot.com.br\/wp-content\/uploads\/2022\/07\/lutsot_engenharia_1225.png 1080w\" sizes=\"(max-width: 800px) 100vw, 800px\" \/>\t\t\t\t\t\t\t\t\t\t\t\t\t\t\t<\/div>\n\t\t\t\t<\/div>\n\t\t\t\t<div class=\"elementor-element elementor-element-50cc020 elementor-widget elementor-widget-heading\" data-id=\"50cc020\" data-element_type=\"widget\" data-e-type=\"widget\" data-widget_type=\"heading.default\">\n\t\t\t\t<div class=\"elementor-widget-container\">\n\t\t\t\t\t<h2 class=\"elementor-heading-title elementor-size-default\">Hidrossanit\u00e1rio<\/h2>\t\t\t\t<\/div>\n\t\t\t\t<\/div>\n\t\t\t\t<div class=\"elementor-element elementor-element-971a34e elementor-widget elementor-widget-text-editor\" data-id=\"971a34e\" data-element_type=\"widget\" data-e-type=\"widget\" data-widget_type=\"text-editor.default\">\n\t\t\t\t<div class=\"elementor-widget-container\">\n\t\t\t\t\t\t\t\t\t<ul><li>Hidr\u00e1ulica (Agua fria\/quente)<\/li><li>\u00c1guas pluviais<\/li><li>Reaproveitamento de agua<\/li><li>Esgoto<\/li><li>Drenagem<\/li><\/ul>\t\t\t\t\t\t\t\t<\/div>\n\t\t\t\t<\/div>\n\t\t\t\t<\/div>\n\t\t<div class=\"elementor-element elementor-element-a75692e e-con-full e-flex e-con e-parent\" data-id=\"a75692e\" data-element_type=\"container\" data-e-type=\"container\">\n\t\t\t\t<div class=\"elementor-element elementor-element-1f803ea elementor-widget elementor-widget-image\" data-id=\"1f803ea\" data-element_type=\"widget\" data-e-type=\"widget\" data-widget_type=\"image.default\">\n\t\t\t\t<div class=\"elementor-widget-container\">\n\t\t\t\t\t\t\t\t\t\t\t\t\t\t\t<img decoding=\"async\" width=\"800\" height=\"663\" src=\"https:\/\/lutsot.com.br\/wp-content\/uploads\/2022\/07\/lutsot_engenharia_1225_1-1024x848.png\" class=\"attachment-large size-large wp-image-1466\" alt=\"\" srcset=\"https:\/\/lutsot.com.br\/wp-content\/uploads\/2022\/07\/lutsot_engenharia_1225_1-1024x848.png 1024w, https:\/\/lutsot.com.br\/wp-content\/uploads\/2022\/07\/lutsot_engenharia_1225_1-300x248.png 300w, https:\/\/lutsot.com.br\/wp-content\/uploads\/2022\/07\/lutsot_engenharia_1225_1-768x636.png 768w, https:\/\/lutsot.com.br\/wp-content\/uploads\/2022\/07\/lutsot_engenharia_1225_1.png 1080w\" sizes=\"(max-width: 800px) 100vw, 800px\" \/>\t\t\t\t\t\t\t\t\t\t\t\t\t\t\t<\/div>\n\t\t\t\t<\/div>\n\t\t\t\t<div class=\"elementor-element elementor-element-0c9b7fe elementor-widget elementor-widget-heading\" data-id=\"0c9b7fe\" data-element_type=\"widget\" data-e-type=\"widget\" data-widget_type=\"heading.default\">\n\t\t\t\t<div class=\"elementor-widget-container\">\n\t\t\t\t\t<h2 class=\"elementor-heading-title elementor-size-default\">El\u00e9trica<\/h2>\t\t\t\t<\/div>\n\t\t\t\t<\/div>\n\t\t\t\t<div class=\"elementor-element elementor-element-0276cb7 elementor-widget elementor-widget-text-editor\" data-id=\"0276cb7\" data-element_type=\"widget\" data-e-type=\"widget\" data-widget_type=\"text-editor.default\">\n\t\t\t\t<div class=\"elementor-widget-container\">\n\t\t\t\t\t\t\t\t\t<ul><li>Projeto el\u00e9trico<\/li><li>Dimensionamento de cabos<\/li><li>Projeto de Ilumina\u00e7\u00e3o<\/li><li>Projeto de SPDA<\/li><li>Diagramas el\u00e9tricos<\/li><li>Especifica\u00e7\u00e3o de materiais<\/li><li>Memorial de c\u00e1lculo<\/li><li>Memorial descritivo<\/li><\/ul>\t\t\t\t\t\t\t\t<\/div>\n\t\t\t\t<\/div>\n\t\t\t\t<\/div>\n\t\t<div class=\"elementor-element elementor-element-19ea1f5 e-con-full e-flex e-con e-parent\" data-id=\"19ea1f5\" data-element_type=\"container\" data-e-type=\"container\">\n\t\t\t\t<div class=\"elementor-element elementor-element-7a16184 elementor-widget elementor-widget-image\" data-id=\"7a16184\" data-element_type=\"widget\" data-e-type=\"widget\" data-widget_type=\"image.default\">\n\t\t\t\t<div class=\"elementor-widget-container\">\n\t\t\t\t\t\t\t\t\t\t\t\t\t\t\t<img decoding=\"async\" width=\"800\" height=\"663\" src=\"https:\/\/lutsot.com.br\/wp-content\/uploads\/2022\/07\/lutsot_engenharia_12223-1024x848.png\" class=\"attachment-large size-large wp-image-1473\" alt=\"\" srcset=\"https:\/\/lutsot.com.br\/wp-content\/uploads\/2022\/07\/lutsot_engenharia_12223-1024x848.png 1024w, https:\/\/lutsot.com.br\/wp-content\/uploads\/2022\/07\/lutsot_engenharia_12223-300x248.png 300w, https:\/\/lutsot.com.br\/wp-content\/uploads\/2022\/07\/lutsot_engenharia_12223-768x636.png 768w, https:\/\/lutsot.com.br\/wp-content\/uploads\/2022\/07\/lutsot_engenharia_12223.png 1080w\" sizes=\"(max-width: 800px) 100vw, 800px\" \/>\t\t\t\t\t\t\t\t\t\t\t\t\t\t\t<\/div>\n\t\t\t\t<\/div>\n\t\t\t\t<div class=\"elementor-element elementor-element-b29bfba elementor-widget elementor-widget-heading\" data-id=\"b29bfba\" data-element_type=\"widget\" data-e-type=\"widget\" data-widget_type=\"heading.default\">\n\t\t\t\t<div class=\"elementor-widget-container\">\n\t\t\t\t\t<h2 class=\"elementor-heading-title elementor-size-default\">HVAC<\/h2>\t\t\t\t<\/div>\n\t\t\t\t<\/div>\n\t\t\t\t<div class=\"elementor-element elementor-element-a2d8b8d elementor-widget elementor-widget-text-editor\" data-id=\"a2d8b8d\" data-element_type=\"widget\" data-e-type=\"widget\" data-widget_type=\"text-editor.default\">\n\t\t\t\t<div class=\"elementor-widget-container\">\n\t\t\t\t\t\t\t\t\t<ul><li>Projeto de sistema ar condicionado<\/li><li>Especifica\u00e7\u00e3o para cota\u00e7\u00e3o<\/li><li>Memorial de c\u00e1lculo<\/li><li>Memorial descritivo<\/li><\/ul>\t\t\t\t\t\t\t\t<\/div>\n\t\t\t\t<\/div>\n\t\t\t\t<\/div>\n\t\t\t\t<\/div>\n\t\t<div class=\"elementor-element elementor-element-3687c9d e-con-full e-flex e-con e-parent\" data-id=\"3687c9d\" data-element_type=\"container\" data-e-type=\"container\">\n\t\t<div class=\"elementor-element elementor-element-b13caf6 e-con-full e-flex e-con e-parent\" data-id=\"b13caf6\" data-element_type=\"container\" data-e-type=\"container\">\n\t\t\t\t<div class=\"elementor-element elementor-element-8e9c581 elementor-widget elementor-widget-image\" data-id=\"8e9c581\" data-element_type=\"widget\" data-e-type=\"widget\" data-widget_type=\"image.default\">\n\t\t\t\t<div class=\"elementor-widget-container\">\n\t\t\t\t\t\t\t\t\t\t\t\t\t\t\t<img loading=\"lazy\" decoding=\"async\" width=\"800\" height=\"663\" src=\"https:\/\/lutsot.com.br\/wp-content\/uploads\/2022\/07\/02_LutSot_-1024x848.png\" class=\"attachment-large size-large wp-image-1291\" alt=\"\" srcset=\"https:\/\/lutsot.com.br\/wp-content\/uploads\/2022\/07\/02_LutSot_-1024x848.png 1024w, https:\/\/lutsot.com.br\/wp-content\/uploads\/2022\/07\/02_LutSot_-300x248.png 300w, https:\/\/lutsot.com.br\/wp-content\/uploads\/2022\/07\/02_LutSot_-768x636.png 768w, https:\/\/lutsot.com.br\/wp-content\/uploads\/2022\/07\/02_LutSot_.png 1080w\" sizes=\"(max-width: 800px) 100vw, 800px\" \/>\t\t\t\t\t\t\t\t\t\t\t\t\t\t\t<\/div>\n\t\t\t\t<\/div>\n\t\t\t\t<div class=\"elementor-element elementor-element-af89cf2 elementor-widget elementor-widget-heading\" data-id=\"af89cf2\" data-element_type=\"widget\" data-e-type=\"widget\" data-widget_type=\"heading.default\">\n\t\t\t\t<div class=\"elementor-widget-container\">\n\t\t\t\t\t<h2 class=\"elementor-heading-title elementor-size-default\">Estrutura Met\u00e1lica<\/h2>\t\t\t\t<\/div>\n\t\t\t\t<\/div>\n\t\t\t\t<div class=\"elementor-element elementor-element-05f1404 elementor-widget elementor-widget-text-editor\" data-id=\"05f1404\" data-element_type=\"widget\" data-e-type=\"widget\" data-widget_type=\"text-editor.default\">\n\t\t\t\t<div class=\"elementor-widget-container\">\n\t\t\t\t\t\t\t\t\t<ul><li>Projeto estrutural<\/li><li>Projeto cobertura<\/li><li>Projeto mezaninos<\/li><li>Projeto porticos estruturais<\/li><li>Especifica\u00e7\u00e3o de materiais<\/li><li>Memorial de c\u00e1lculo<\/li><li>Memorial descritivo<\/li><\/ul>\t\t\t\t\t\t\t\t<\/div>\n\t\t\t\t<\/div>\n\t\t\t\t<\/div>\n\t\t<div class=\"elementor-element elementor-element-2cee070 e-con-full e-flex e-con e-parent\" data-id=\"2cee070\" data-element_type=\"container\" data-e-type=\"container\">\n\t\t\t\t<div class=\"elementor-element elementor-element-f695f9b elementor-widget elementor-widget-image\" data-id=\"f695f9b\" data-element_type=\"widget\" data-e-type=\"widget\" data-widget_type=\"image.default\">\n\t\t\t\t<div class=\"elementor-widget-container\">\n\t\t\t\t\t\t\t\t\t\t\t\t\t\t\t<img loading=\"lazy\" decoding=\"async\" width=\"800\" height=\"663\" src=\"https:\/\/lutsot.com.br\/wp-content\/uploads\/2022\/07\/lutsot_engenharia_12-1024x848.png\" class=\"attachment-large size-large wp-image-1453\" alt=\"\" srcset=\"https:\/\/lutsot.com.br\/wp-content\/uploads\/2022\/07\/lutsot_engenharia_12-1024x848.png 1024w, https:\/\/lutsot.com.br\/wp-content\/uploads\/2022\/07\/lutsot_engenharia_12-300x248.png 300w, https:\/\/lutsot.com.br\/wp-content\/uploads\/2022\/07\/lutsot_engenharia_12-768x636.png 768w, https:\/\/lutsot.com.br\/wp-content\/uploads\/2022\/07\/lutsot_engenharia_12.png 1080w\" sizes=\"(max-width: 800px) 100vw, 800px\" \/>\t\t\t\t\t\t\t\t\t\t\t\t\t\t\t<\/div>\n\t\t\t\t<\/div>\n\t\t\t\t<div class=\"elementor-element elementor-element-414bf73 elementor-widget elementor-widget-heading\" data-id=\"414bf73\" data-element_type=\"widget\" data-e-type=\"widget\" data-widget_type=\"heading.default\">\n\t\t\t\t<div class=\"elementor-widget-container\">\n\t\t\t\t\t<h2 class=\"elementor-heading-title elementor-size-default\">Civil<\/h2>\t\t\t\t<\/div>\n\t\t\t\t<\/div>\n\t\t\t\t<div class=\"elementor-element elementor-element-c3ae38e elementor-widget elementor-widget-text-editor\" data-id=\"c3ae38e\" data-element_type=\"widget\" data-e-type=\"widget\" data-widget_type=\"text-editor.default\">\n\t\t\t\t<div class=\"elementor-widget-container\">\n\t\t\t\t\t\t\t\t\t<ul><li>Projeto de funda\u00e7\u00f5es<\/li><li>Projetos arquitet\u00f4nicos<\/li><li>Projeto de underground<\/li><li>Drenagem pluvial<\/li><li>Drenagem contaminada<\/li><li>Envelopes de concreto<\/li><li>Tubula\u00e7\u00f5es de inc\u00eandio<\/li><li>An\u00e1lise de geot\u00e9cnica<\/li><li>Especifica\u00e7\u00e3o de materiais<\/li><li>Memorial de c\u00e1lculo<\/li><li>Memorial descritivo<\/li><\/ul>\t\t\t\t\t\t\t\t<\/div>\n\t\t\t\t<\/div>\n\t\t\t\t<\/div>\n\t\t\t\t<\/div>\n\t\t\t\t<\/div>\n\t\t","protected":false},"excerpt":{"rendered":"<p>Projetos Engenharia Civil Hidrossanit\u00e1rio Hidr\u00e1ulica (Agua fria\/quente) \u00c1guas pluviais Reaproveitamento de agua Esgoto Drenagem El\u00e9trica Projeto el\u00e9trico Dimensionamento de cabos Projeto de Ilumina\u00e7\u00e3o Projeto de SPDA Diagramas el\u00e9tricos Especifica\u00e7\u00e3o de materiais Memorial de c\u00e1lculo Memorial descritivo HVAC Projeto de sistema ar condicionado Especifica\u00e7\u00e3o para cota\u00e7\u00e3o Memorial de c\u00e1lculo Memorial descritivo Estrutura Met\u00e1lica Projeto estrutural Projeto [&hellip;]<\/p>\n","protected":false},"author":1,"featured_media":0,"parent":0,"menu_order":0,"comment_status":"closed","ping_status":"closed","template":"elementor_header_footer","meta":{"footnotes":""},"class_list":["post-194","page","type-page","status-publish","hentry"],"yoast_head":"<!-- This site is optimized with the Yoast SEO plugin v26.8 - https:\/\/yoast.com\/product\/yoast-seo-wordpress\/ -->\n<title>Projetos Engenharia Civil - LUTSOT<\/title>\n<meta name=\"robots\" content=\"index, follow, max-snippet:-1, max-image-preview:large, max-video-preview:-1\" \/>\n<link rel=\"canonical\" href=\"https:\/\/lutsot.com.br\/index.php\/projetos-engenharia-civil\/\" \/>\n<meta property=\"og:locale\" content=\"pt_BR\" \/>\n<meta property=\"og:type\" content=\"article\" \/>\n<meta property=\"og:title\" content=\"Projetos Engenharia Civil - LUTSOT\" \/>\n<meta property=\"og:description\" content=\"Projetos Engenharia Civil Hidrossanit\u00e1rio Hidr\u00e1ulica (Agua fria\/quente) \u00c1guas pluviais Reaproveitamento de agua Esgoto Drenagem El\u00e9trica Projeto el\u00e9trico Dimensionamento de cabos Projeto de Ilumina\u00e7\u00e3o Projeto de SPDA Diagramas el\u00e9tricos Especifica\u00e7\u00e3o de materiais Memorial de c\u00e1lculo Memorial descritivo HVAC Projeto de sistema ar condicionado Especifica\u00e7\u00e3o para cota\u00e7\u00e3o Memorial de c\u00e1lculo Memorial descritivo Estrutura Met\u00e1lica Projeto estrutural Projeto [&hellip;]\" \/>\n<meta property=\"og:url\" content=\"https:\/\/lutsot.com.br\/index.php\/projetos-engenharia-civil\/\" \/>\n<meta property=\"og:site_name\" content=\"LUTSOT\" \/>\n<meta property=\"article:modified_time\" content=\"2022-07-19T21:54:08+00:00\" \/>\n<meta property=\"og:image\" content=\"https:\/\/lutsot.com.br\/wp-content\/uploads\/2022\/07\/lutsot_engenharia_1225-1024x848.png\" \/>\n<meta name=\"twitter:card\" content=\"summary_large_image\" \/>\n<meta name=\"twitter:label1\" content=\"Est. tempo de leitura\" \/>\n\t<meta name=\"twitter:data1\" content=\"2 minutos\" \/>\n<script type=\"application\/ld+json\" class=\"yoast-schema-graph\">{\"@context\":\"https:\/\/schema.org\",\"@graph\":[{\"@type\":\"WebPage\",\"@id\":\"https:\/\/lutsot.com.br\/index.php\/projetos-engenharia-civil\/\",\"url\":\"https:\/\/lutsot.com.br\/index.php\/projetos-engenharia-civil\/\",\"name\":\"Projetos Engenharia Civil - LUTSOT\",\"isPartOf\":{\"@id\":\"https:\/\/lutsot.com.br\/#website\"},\"primaryImageOfPage\":{\"@id\":\"https:\/\/lutsot.com.br\/index.php\/projetos-engenharia-civil\/#primaryimage\"},\"image\":{\"@id\":\"https:\/\/lutsot.com.br\/index.php\/projetos-engenharia-civil\/#primaryimage\"},\"thumbnailUrl\":\"https:\/\/lutsot.com.br\/wp-content\/uploads\/2022\/07\/lutsot_engenharia_1225-1024x848.png\",\"datePublished\":\"2022-07-07T20:17:28+00:00\",\"dateModified\":\"2022-07-19T21:54:08+00:00\",\"breadcrumb\":{\"@id\":\"https:\/\/lutsot.com.br\/index.php\/projetos-engenharia-civil\/#breadcrumb\"},\"inLanguage\":\"pt-BR\",\"potentialAction\":[{\"@type\":\"ReadAction\",\"target\":[\"https:\/\/lutsot.com.br\/index.php\/projetos-engenharia-civil\/\"]}]},{\"@type\":\"ImageObject\",\"inLanguage\":\"pt-BR\",\"@id\":\"https:\/\/lutsot.com.br\/index.php\/projetos-engenharia-civil\/#primaryimage\",\"url\":\"https:\/\/lutsot.com.br\/wp-content\/uploads\/2022\/07\/lutsot_engenharia_1225.png\",\"contentUrl\":\"https:\/\/lutsot.com.br\/wp-content\/uploads\/2022\/07\/lutsot_engenharia_1225.png\",\"width\":1080,\"height\":894},{\"@type\":\"BreadcrumbList\",\"@id\":\"https:\/\/lutsot.com.br\/index.php\/projetos-engenharia-civil\/#breadcrumb\",\"itemListElement\":[{\"@type\":\"ListItem\",\"position\":1,\"name\":\"In\u00edcio\",\"item\":\"https:\/\/lutsot.com.br\/\"},{\"@type\":\"ListItem\",\"position\":2,\"name\":\"Projetos Engenharia Civil\"}]},{\"@type\":\"WebSite\",\"@id\":\"https:\/\/lutsot.com.br\/#website\",\"url\":\"https:\/\/lutsot.com.br\/\",\"name\":\"LUTSOT\",\"description\":\"Engenharia de Projetos\",\"publisher\":{\"@id\":\"https:\/\/lutsot.com.br\/#organization\"},\"potentialAction\":[{\"@type\":\"SearchAction\",\"target\":{\"@type\":\"EntryPoint\",\"urlTemplate\":\"https:\/\/lutsot.com.br\/?s={search_term_string}\"},\"query-input\":{\"@type\":\"PropertyValueSpecification\",\"valueRequired\":true,\"valueName\":\"search_term_string\"}}],\"inLanguage\":\"pt-BR\"},{\"@type\":\"Organization\",\"@id\":\"https:\/\/lutsot.com.br\/#organization\",\"name\":\"LUTSOT\",\"url\":\"https:\/\/lutsot.com.br\/\",\"logo\":{\"@type\":\"ImageObject\",\"inLanguage\":\"pt-BR\",\"@id\":\"https:\/\/lutsot.com.br\/#\/schema\/logo\/image\/\",\"url\":\"https:\/\/lutsot.com.br\/wp-content\/uploads\/2022\/07\/LutSot_Engenharia_Logotipo_350x100-1.png\",\"contentUrl\":\"https:\/\/lutsot.com.br\/wp-content\/uploads\/2022\/07\/LutSot_Engenharia_Logotipo_350x100-1.png\",\"width\":244,\"height\":100,\"caption\":\"LUTSOT\"},\"image\":{\"@id\":\"https:\/\/lutsot.com.br\/#\/schema\/logo\/image\/\"},\"sameAs\":[\"https:\/\/www.linkedin.com\/company\/lutsot---desenvolvimento-de-projetos\/\"]}]}<\/script>\n<!-- \/ Yoast SEO plugin. -->","yoast_head_json":{"title":"Projetos Engenharia Civil - LUTSOT","robots":{"index":"index","follow":"follow","max-snippet":"max-snippet:-1","max-image-preview":"max-image-preview:large","max-video-preview":"max-video-preview:-1"},"canonical":"https:\/\/lutsot.com.br\/index.php\/projetos-engenharia-civil\/","og_locale":"pt_BR","og_type":"article","og_title":"Projetos Engenharia Civil - LUTSOT","og_description":"Projetos Engenharia Civil Hidrossanit\u00e1rio Hidr\u00e1ulica (Agua fria\/quente) \u00c1guas pluviais Reaproveitamento de agua Esgoto Drenagem El\u00e9trica Projeto el\u00e9trico Dimensionamento de cabos Projeto de Ilumina\u00e7\u00e3o Projeto de SPDA Diagramas el\u00e9tricos Especifica\u00e7\u00e3o de materiais Memorial de c\u00e1lculo Memorial descritivo HVAC Projeto de sistema ar condicionado Especifica\u00e7\u00e3o para cota\u00e7\u00e3o Memorial de c\u00e1lculo Memorial descritivo Estrutura Met\u00e1lica Projeto estrutural Projeto [&hellip;]","og_url":"https:\/\/lutsot.com.br\/index.php\/projetos-engenharia-civil\/","og_site_name":"LUTSOT","article_modified_time":"2022-07-19T21:54:08+00:00","og_image":[{"url":"https:\/\/lutsot.com.br\/wp-content\/uploads\/2022\/07\/lutsot_engenharia_1225-1024x848.png","type":"","width":"","height":""}],"twitter_card":"summary_large_image","twitter_misc":{"Est. tempo de leitura":"2 minutos"},"schema":{"@context":"https:\/\/schema.org","@graph":[{"@type":"WebPage","@id":"https:\/\/lutsot.com.br\/index.php\/projetos-engenharia-civil\/","url":"https:\/\/lutsot.com.br\/index.php\/projetos-engenharia-civil\/","name":"Projetos Engenharia Civil - LUTSOT","isPartOf":{"@id":"https:\/\/lutsot.com.br\/#website"},"primaryImageOfPage":{"@id":"https:\/\/lutsot.com.br\/index.php\/projetos-engenharia-civil\/#primaryimage"},"image":{"@id":"https:\/\/lutsot.com.br\/index.php\/projetos-engenharia-civil\/#primaryimage"},"thumbnailUrl":"https:\/\/lutsot.com.br\/wp-content\/uploads\/2022\/07\/lutsot_engenharia_1225-1024x848.png","datePublished":"2022-07-07T20:17:28+00:00","dateModified":"2022-07-19T21:54:08+00:00","breadcrumb":{"@id":"https:\/\/lutsot.com.br\/index.php\/projetos-engenharia-civil\/#breadcrumb"},"inLanguage":"pt-BR","potentialAction":[{"@type":"ReadAction","target":["https:\/\/lutsot.com.br\/index.php\/projetos-engenharia-civil\/"]}]},{"@type":"ImageObject","inLanguage":"pt-BR","@id":"https:\/\/lutsot.com.br\/index.php\/projetos-engenharia-civil\/#primaryimage","url":"https:\/\/lutsot.com.br\/wp-content\/uploads\/2022\/07\/lutsot_engenharia_1225.png","contentUrl":"https:\/\/lutsot.com.br\/wp-content\/uploads\/2022\/07\/lutsot_engenharia_1225.png","width":1080,"height":894},{"@type":"BreadcrumbList","@id":"https:\/\/lutsot.com.br\/index.php\/projetos-engenharia-civil\/#breadcrumb","itemListElement":[{"@type":"ListItem","position":1,"name":"In\u00edcio","item":"https:\/\/lutsot.com.br\/"},{"@type":"ListItem","position":2,"name":"Projetos Engenharia Civil"}]},{"@type":"WebSite","@id":"https:\/\/lutsot.com.br\/#website","url":"https:\/\/lutsot.com.br\/","name":"LUTSOT","description":"Engenharia de Projetos","publisher":{"@id":"https:\/\/lutsot.com.br\/#organization"},"potentialAction":[{"@type":"SearchAction","target":{"@type":"EntryPoint","urlTemplate":"https:\/\/lutsot.com.br\/?s={search_term_string}"},"query-input":{"@type":"PropertyValueSpecification","valueRequired":true,"valueName":"search_term_string"}}],"inLanguage":"pt-BR"},{"@type":"Organization","@id":"https:\/\/lutsot.com.br\/#organization","name":"LUTSOT","url":"https:\/\/lutsot.com.br\/","logo":{"@type":"ImageObject","inLanguage":"pt-BR","@id":"https:\/\/lutsot.com.br\/#\/schema\/logo\/image\/","url":"https:\/\/lutsot.com.br\/wp-content\/uploads\/2022\/07\/LutSot_Engenharia_Logotipo_350x100-1.png","contentUrl":"https:\/\/lutsot.com.br\/wp-content\/uploads\/2022\/07\/LutSot_Engenharia_Logotipo_350x100-1.png","width":244,"height":100,"caption":"LUTSOT"},"image":{"@id":"https:\/\/lutsot.com.br\/#\/schema\/logo\/image\/"},"sameAs":["https:\/\/www.linkedin.com\/company\/lutsot---desenvolvimento-de-projetos\/"]}]}},"_links":{"self":[{"href":"https:\/\/lutsot.com.br\/index.php\/wp-json\/wp\/v2\/pages\/194","targetHints":{"allow":["GET"]}}],"collection":[{"href":"https:\/\/lutsot.com.br\/index.php\/wp-json\/wp\/v2\/pages"}],"about":[{"href":"https:\/\/lutsot.com.br\/index.php\/wp-json\/wp\/v2\/types\/page"}],"author":[{"embeddable":true,"href":"https:\/\/lutsot.com.br\/index.php\/wp-json\/wp\/v2\/users\/1"}],"replies":[{"embeddable":true,"href":"https:\/\/lutsot.com.br\/index.php\/wp-json\/wp\/v2\/comments?post=194"}],"version-history":[{"count":80,"href":"https:\/\/lutsot.com.br\/index.php\/wp-json\/wp\/v2\/pages\/194\/revisions"}],"predecessor-version":[{"id":1514,"href":"https:\/\/lutsot.com.br\/index.php\/wp-json\/wp\/v2\/pages\/194\/revisions\/1514"}],"wp:attachment":[{"href":"https:\/\/lutsot.com.br\/index.php\/wp-json\/wp\/v2\/media?parent=194"}],"curies":[{"name":"wp","href":"https:\/\/api.w.org\/{rel}","templated":true}]}}