{"id":198,"date":"2022-07-07T17:18:01","date_gmt":"2022-07-07T20:18:01","guid":{"rendered":"https:\/\/lutsot.com.br\/?page_id=198"},"modified":"2022-07-20T01:07:18","modified_gmt":"2022-07-20T04:07:18","slug":"projetos-prediais","status":"publish","type":"page","link":"https:\/\/lutsot.com.br\/index.php\/projetos-prediais\/","title":{"rendered":"Projetos Prediais"},"content":{"rendered":"\t\t<div data-elementor-type=\"wp-page\" data-elementor-id=\"198\" class=\"elementor elementor-198\" data-elementor-post-type=\"page\">\n\t\t\t\t<div class=\"elementor-element elementor-element-fc4ae5f e-flex e-con-boxed e-con e-parent\" data-id=\"fc4ae5f\" data-element_type=\"container\" data-e-type=\"container\" data-settings=\"{&quot;background_background&quot;:&quot;gradient&quot;}\">\n\t\t\t\t\t<div class=\"e-con-inner\">\n\t\t\t\t<div class=\"elementor-element elementor-element-024fb7c elementor-widget elementor-widget-heading\" data-id=\"024fb7c\" data-element_type=\"widget\" data-e-type=\"widget\" data-widget_type=\"heading.default\">\n\t\t\t\t<div class=\"elementor-widget-container\">\n\t\t\t\t\t<h2 class=\"elementor-heading-title elementor-size-default\">Projetos Prediais<\/h2>\t\t\t\t<\/div>\n\t\t\t\t<\/div>\n\t\t\t\t\t<\/div>\n\t\t\t\t<\/div>\n\t\t<div class=\"elementor-element elementor-element-a048bab e-flex e-con-boxed e-con e-parent\" data-id=\"a048bab\" data-element_type=\"container\" data-e-type=\"container\">\n\t\t\t\t\t<div class=\"e-con-inner\">\n\t\t\t\t<div class=\"elementor-element elementor-element-b2c034e elementor-widget elementor-widget-text-editor\" data-id=\"b2c034e\" data-element_type=\"widget\" data-e-type=\"widget\" data-widget_type=\"text-editor.default\">\n\t\t\t\t<div class=\"elementor-widget-container\">\n\t\t\t\t\t\t\t\t\t<p>Os projetos de instala\u00e7\u00f5es hidr\u00e1ulicas prediais s\u00e3o essenciais para garantir o bom funcionamento dos diversos sistemas<br \/>hidr\u00e1ulicos que comp\u00f5em um pr\u00e9dio, entre eles de \u00e1gua fria e \u00e1gua quente, de esgoto e \u00e1guas pluviais. Esses sistemas s\u00e3o<br \/>parte da estrutura dos pr\u00e9dios e apresentam uma vida \u00fatil limitada, por isso precisam ser projetos com muita qualidade e<br \/>necessitam de manuten\u00e7\u00e3o frequente.<br \/>Al\u00e9m disso, os projetos de instala\u00e7\u00f5es hidr\u00e1ulicas prediais tamb\u00e9m s\u00e3o importantes para manter uma harmonia com o projeto<br \/>arquitet\u00f4nico da constru\u00e7\u00e3o. As instala\u00e7\u00f5es hidr\u00e1ulicas devem estar totalmente adaptadas \u00e0s necessidades e \u00e0s especifica\u00e7\u00f5es<br \/>do pr\u00e9dio em que s\u00e3o instaladas. Respeitando todas as quantidades de torneiras, registros, descargas e encanamentos.<br \/>Os projetos de instala\u00e7\u00f5es hidr\u00e1ulicas prediais s\u00e3o compostos por algumas partes, entre elas: sistema de \u00e1gua fria, sistema de<br \/>\u00e1gua quente, sistema de esgoto, sistema de drenagem pluvial e sistema de reuso de \u00e1gua.<br \/>Os projetos de instala\u00e7\u00f5es hidr\u00e1ulicas prediais variam de acordo com o padr\u00e3o de conforto, e tamb\u00e9m levando em conta<br \/>racionalidade e economia. Quanto mais conforto, maior o padr\u00e3o do sistema.<\/p>\t\t\t\t\t\t\t\t<\/div>\n\t\t\t\t<\/div>\n\t\t\t\t\t<\/div>\n\t\t\t\t<\/div>\n\t\t<div class=\"elementor-element elementor-element-b309092 e-flex e-con-boxed e-con e-parent\" data-id=\"b309092\" data-element_type=\"container\" data-e-type=\"container\">\n\t\t\t\t\t<div class=\"e-con-inner\">\n\t\t\t\t<div class=\"elementor-element elementor-element-730702e elementor-widget-divider--view-line elementor-widget elementor-widget-divider\" data-id=\"730702e\" data-element_type=\"widget\" data-e-type=\"widget\" data-widget_type=\"divider.default\">\n\t\t\t\t<div class=\"elementor-widget-container\">\n\t\t\t\t\t\t\t<div class=\"elementor-divider\">\n\t\t\t<span class=\"elementor-divider-separator\">\n\t\t\t\t\t\t<\/span>\n\t\t<\/div>\n\t\t\t\t\t\t<\/div>\n\t\t\t\t<\/div>\n\t\t\t\t\t<\/div>\n\t\t\t\t<\/div>\n\t\t<div class=\"elementor-element elementor-element-fa5bf0f e-flex e-con-boxed e-con e-parent\" data-id=\"fa5bf0f\" data-element_type=\"container\" data-e-type=\"container\">\n\t\t\t\t\t<div class=\"e-con-inner\">\n\t\t\t\t<div class=\"elementor-element elementor-element-af53319 elementor-widget elementor-widget-heading\" data-id=\"af53319\" data-element_type=\"widget\" data-e-type=\"widget\" data-widget_type=\"heading.default\">\n\t\t\t\t<div class=\"elementor-widget-container\">\n\t\t\t\t\t<h2 class=\"elementor-heading-title elementor-size-default\">Projetos e Instalal\u00e7oes Prediais<\/h2>\t\t\t\t<\/div>\n\t\t\t\t<\/div>\n\t\t\t\t\t<\/div>\n\t\t\t\t<\/div>\n\t\t<div class=\"elementor-element elementor-element-c16cfa3 e-flex e-con-boxed e-con e-parent\" data-id=\"c16cfa3\" data-element_type=\"container\" data-e-type=\"container\">\n\t\t\t\t\t<div class=\"e-con-inner\">\n\t\t<div class=\"elementor-element elementor-element-21bc58b e-con-full e-flex e-con e-parent\" data-id=\"21bc58b\" data-element_type=\"container\" data-e-type=\"container\">\n\t\t\t\t<div class=\"elementor-element elementor-element-4a48abe elementor-widget elementor-widget-text-editor\" data-id=\"4a48abe\" data-element_type=\"widget\" data-e-type=\"widget\" data-widget_type=\"text-editor.default\">\n\t\t\t\t<div class=\"elementor-widget-container\">\n\t\t\t\t\t\t\t\t\t<ul><li>Projetos hidro sanit\u00e1rios;<\/li><li>\u00c1gua de reuso;<\/li><li>Reservat\u00f3rio de \u00e1gua;<\/li><li>Projetos El\u00e9tricos;<\/li><li>Projetos Ilumina\u00e7\u00e3o;<\/li><li>Projeto de Climatiza\u00e7\u00e3o;<\/li><li>Lista de materiais;<\/li><li>Memorial de c\u00e1lculo;<\/li><\/ul>\t\t\t\t\t\t\t\t<\/div>\n\t\t\t\t<\/div>\n\t\t\t\t<\/div>\n\t\t<div class=\"elementor-element elementor-element-b1c1eea e-con-full e-flex e-con e-parent\" data-id=\"b1c1eea\" data-element_type=\"container\" data-e-type=\"container\">\n\t\t\t\t<div class=\"elementor-element elementor-element-8c0cc2b elementor-widget elementor-widget-image\" data-id=\"8c0cc2b\" data-element_type=\"widget\" data-e-type=\"widget\" data-widget_type=\"image.default\">\n\t\t\t\t<div class=\"elementor-widget-container\">\n\t\t\t\t\t\t\t\t\t\t\t\t\t\t\t<img fetchpriority=\"high\" decoding=\"async\" width=\"800\" height=\"663\" src=\"https:\/\/lutsot.com.br\/wp-content\/uploads\/2022\/07\/lutsot_engenharia_1225-1024x848.png\" class=\"attachment-large size-large wp-image-1461\" alt=\"\" srcset=\"https:\/\/lutsot.com.br\/wp-content\/uploads\/2022\/07\/lutsot_engenharia_1225-1024x848.png 1024w, https:\/\/lutsot.com.br\/wp-content\/uploads\/2022\/07\/lutsot_engenharia_1225-300x248.png 300w, https:\/\/lutsot.com.br\/wp-content\/uploads\/2022\/07\/lutsot_engenharia_1225-768x636.png 768w, https:\/\/lutsot.com.br\/wp-content\/uploads\/2022\/07\/lutsot_engenharia_1225.png 1080w\" sizes=\"(max-width: 800px) 100vw, 800px\" \/>\t\t\t\t\t\t\t\t\t\t\t\t\t\t\t<\/div>\n\t\t\t\t<\/div>\n\t\t\t\t<\/div>\n\t\t\t\t\t<\/div>\n\t\t\t\t<\/div>\n\t\t\t\t<\/div>\n\t\t","protected":false},"excerpt":{"rendered":"<p>Projetos Prediais Os projetos de instala\u00e7\u00f5es hidr\u00e1ulicas prediais s\u00e3o essenciais para garantir o bom funcionamento dos diversos sistemashidr\u00e1ulicos que comp\u00f5em um pr\u00e9dio, entre eles de \u00e1gua fria e \u00e1gua quente, de esgoto e \u00e1guas pluviais. Esses sistemas s\u00e3oparte da estrutura dos pr\u00e9dios e apresentam uma vida \u00fatil limitada, por isso precisam ser projetos com muita [&hellip;]<\/p>\n","protected":false},"author":1,"featured_media":0,"parent":0,"menu_order":0,"comment_status":"closed","ping_status":"closed","template":"elementor_header_footer","meta":{"footnotes":""},"class_list":["post-198","page","type-page","status-publish","hentry"],"yoast_head":"<!-- This site is optimized with the Yoast SEO plugin v26.8 - https:\/\/yoast.com\/product\/yoast-seo-wordpress\/ -->\n<title>Projetos Prediais - LUTSOT<\/title>\n<meta name=\"robots\" content=\"index, follow, max-snippet:-1, max-image-preview:large, max-video-preview:-1\" \/>\n<link rel=\"canonical\" href=\"https:\/\/lutsot.com.br\/index.php\/projetos-prediais\/\" \/>\n<meta property=\"og:locale\" content=\"pt_BR\" \/>\n<meta property=\"og:type\" content=\"article\" \/>\n<meta property=\"og:title\" content=\"Projetos Prediais - LUTSOT\" \/>\n<meta property=\"og:description\" content=\"Projetos Prediais Os projetos de instala\u00e7\u00f5es hidr\u00e1ulicas prediais s\u00e3o essenciais para garantir o bom funcionamento dos diversos sistemashidr\u00e1ulicos que comp\u00f5em um pr\u00e9dio, entre eles de \u00e1gua fria e \u00e1gua quente, de esgoto e \u00e1guas pluviais. Esses sistemas s\u00e3oparte da estrutura dos pr\u00e9dios e apresentam uma vida \u00fatil limitada, por isso precisam ser projetos com muita [&hellip;]\" \/>\n<meta property=\"og:url\" content=\"https:\/\/lutsot.com.br\/index.php\/projetos-prediais\/\" \/>\n<meta property=\"og:site_name\" content=\"LUTSOT\" \/>\n<meta property=\"article:modified_time\" content=\"2022-07-20T04:07:18+00:00\" \/>\n<meta property=\"og:image\" content=\"https:\/\/lutsot.com.br\/wp-content\/uploads\/2022\/07\/lutsot_engenharia_1225-1024x848.png\" \/>\n<meta name=\"twitter:card\" content=\"summary_large_image\" \/>\n<meta name=\"twitter:label1\" content=\"Est. tempo de leitura\" \/>\n\t<meta name=\"twitter:data1\" content=\"2 minutos\" \/>\n<script type=\"application\/ld+json\" class=\"yoast-schema-graph\">{\"@context\":\"https:\/\/schema.org\",\"@graph\":[{\"@type\":\"WebPage\",\"@id\":\"https:\/\/lutsot.com.br\/index.php\/projetos-prediais\/\",\"url\":\"https:\/\/lutsot.com.br\/index.php\/projetos-prediais\/\",\"name\":\"Projetos Prediais - LUTSOT\",\"isPartOf\":{\"@id\":\"https:\/\/lutsot.com.br\/#website\"},\"primaryImageOfPage\":{\"@id\":\"https:\/\/lutsot.com.br\/index.php\/projetos-prediais\/#primaryimage\"},\"image\":{\"@id\":\"https:\/\/lutsot.com.br\/index.php\/projetos-prediais\/#primaryimage\"},\"thumbnailUrl\":\"https:\/\/lutsot.com.br\/wp-content\/uploads\/2022\/07\/lutsot_engenharia_1225-1024x848.png\",\"datePublished\":\"2022-07-07T20:18:01+00:00\",\"dateModified\":\"2022-07-20T04:07:18+00:00\",\"breadcrumb\":{\"@id\":\"https:\/\/lutsot.com.br\/index.php\/projetos-prediais\/#breadcrumb\"},\"inLanguage\":\"pt-BR\",\"potentialAction\":[{\"@type\":\"ReadAction\",\"target\":[\"https:\/\/lutsot.com.br\/index.php\/projetos-prediais\/\"]}]},{\"@type\":\"ImageObject\",\"inLanguage\":\"pt-BR\",\"@id\":\"https:\/\/lutsot.com.br\/index.php\/projetos-prediais\/#primaryimage\",\"url\":\"https:\/\/lutsot.com.br\/wp-content\/uploads\/2022\/07\/lutsot_engenharia_1225.png\",\"contentUrl\":\"https:\/\/lutsot.com.br\/wp-content\/uploads\/2022\/07\/lutsot_engenharia_1225.png\",\"width\":1080,\"height\":894},{\"@type\":\"BreadcrumbList\",\"@id\":\"https:\/\/lutsot.com.br\/index.php\/projetos-prediais\/#breadcrumb\",\"itemListElement\":[{\"@type\":\"ListItem\",\"position\":1,\"name\":\"In\u00edcio\",\"item\":\"https:\/\/lutsot.com.br\/\"},{\"@type\":\"ListItem\",\"position\":2,\"name\":\"Projetos Prediais\"}]},{\"@type\":\"WebSite\",\"@id\":\"https:\/\/lutsot.com.br\/#website\",\"url\":\"https:\/\/lutsot.com.br\/\",\"name\":\"LUTSOT\",\"description\":\"Engenharia de Projetos\",\"publisher\":{\"@id\":\"https:\/\/lutsot.com.br\/#organization\"},\"potentialAction\":[{\"@type\":\"SearchAction\",\"target\":{\"@type\":\"EntryPoint\",\"urlTemplate\":\"https:\/\/lutsot.com.br\/?s={search_term_string}\"},\"query-input\":{\"@type\":\"PropertyValueSpecification\",\"valueRequired\":true,\"valueName\":\"search_term_string\"}}],\"inLanguage\":\"pt-BR\"},{\"@type\":\"Organization\",\"@id\":\"https:\/\/lutsot.com.br\/#organization\",\"name\":\"LUTSOT\",\"url\":\"https:\/\/lutsot.com.br\/\",\"logo\":{\"@type\":\"ImageObject\",\"inLanguage\":\"pt-BR\",\"@id\":\"https:\/\/lutsot.com.br\/#\/schema\/logo\/image\/\",\"url\":\"https:\/\/lutsot.com.br\/wp-content\/uploads\/2022\/07\/LutSot_Engenharia_Logotipo_350x100-1.png\",\"contentUrl\":\"https:\/\/lutsot.com.br\/wp-content\/uploads\/2022\/07\/LutSot_Engenharia_Logotipo_350x100-1.png\",\"width\":244,\"height\":100,\"caption\":\"LUTSOT\"},\"image\":{\"@id\":\"https:\/\/lutsot.com.br\/#\/schema\/logo\/image\/\"},\"sameAs\":[\"https:\/\/www.linkedin.com\/company\/lutsot---desenvolvimento-de-projetos\/\"]}]}<\/script>\n<!-- \/ Yoast SEO plugin. -->","yoast_head_json":{"title":"Projetos Prediais - LUTSOT","robots":{"index":"index","follow":"follow","max-snippet":"max-snippet:-1","max-image-preview":"max-image-preview:large","max-video-preview":"max-video-preview:-1"},"canonical":"https:\/\/lutsot.com.br\/index.php\/projetos-prediais\/","og_locale":"pt_BR","og_type":"article","og_title":"Projetos Prediais - LUTSOT","og_description":"Projetos Prediais Os projetos de instala\u00e7\u00f5es hidr\u00e1ulicas prediais s\u00e3o essenciais para garantir o bom funcionamento dos diversos sistemashidr\u00e1ulicos que comp\u00f5em um pr\u00e9dio, entre eles de \u00e1gua fria e \u00e1gua quente, de esgoto e \u00e1guas pluviais. Esses sistemas s\u00e3oparte da estrutura dos pr\u00e9dios e apresentam uma vida \u00fatil limitada, por isso precisam ser projetos com muita [&hellip;]","og_url":"https:\/\/lutsot.com.br\/index.php\/projetos-prediais\/","og_site_name":"LUTSOT","article_modified_time":"2022-07-20T04:07:18+00:00","og_image":[{"url":"https:\/\/lutsot.com.br\/wp-content\/uploads\/2022\/07\/lutsot_engenharia_1225-1024x848.png","type":"","width":"","height":""}],"twitter_card":"summary_large_image","twitter_misc":{"Est. tempo de leitura":"2 minutos"},"schema":{"@context":"https:\/\/schema.org","@graph":[{"@type":"WebPage","@id":"https:\/\/lutsot.com.br\/index.php\/projetos-prediais\/","url":"https:\/\/lutsot.com.br\/index.php\/projetos-prediais\/","name":"Projetos Prediais - LUTSOT","isPartOf":{"@id":"https:\/\/lutsot.com.br\/#website"},"primaryImageOfPage":{"@id":"https:\/\/lutsot.com.br\/index.php\/projetos-prediais\/#primaryimage"},"image":{"@id":"https:\/\/lutsot.com.br\/index.php\/projetos-prediais\/#primaryimage"},"thumbnailUrl":"https:\/\/lutsot.com.br\/wp-content\/uploads\/2022\/07\/lutsot_engenharia_1225-1024x848.png","datePublished":"2022-07-07T20:18:01+00:00","dateModified":"2022-07-20T04:07:18+00:00","breadcrumb":{"@id":"https:\/\/lutsot.com.br\/index.php\/projetos-prediais\/#breadcrumb"},"inLanguage":"pt-BR","potentialAction":[{"@type":"ReadAction","target":["https:\/\/lutsot.com.br\/index.php\/projetos-prediais\/"]}]},{"@type":"ImageObject","inLanguage":"pt-BR","@id":"https:\/\/lutsot.com.br\/index.php\/projetos-prediais\/#primaryimage","url":"https:\/\/lutsot.com.br\/wp-content\/uploads\/2022\/07\/lutsot_engenharia_1225.png","contentUrl":"https:\/\/lutsot.com.br\/wp-content\/uploads\/2022\/07\/lutsot_engenharia_1225.png","width":1080,"height":894},{"@type":"BreadcrumbList","@id":"https:\/\/lutsot.com.br\/index.php\/projetos-prediais\/#breadcrumb","itemListElement":[{"@type":"ListItem","position":1,"name":"In\u00edcio","item":"https:\/\/lutsot.com.br\/"},{"@type":"ListItem","position":2,"name":"Projetos Prediais"}]},{"@type":"WebSite","@id":"https:\/\/lutsot.com.br\/#website","url":"https:\/\/lutsot.com.br\/","name":"LUTSOT","description":"Engenharia de Projetos","publisher":{"@id":"https:\/\/lutsot.com.br\/#organization"},"potentialAction":[{"@type":"SearchAction","target":{"@type":"EntryPoint","urlTemplate":"https:\/\/lutsot.com.br\/?s={search_term_string}"},"query-input":{"@type":"PropertyValueSpecification","valueRequired":true,"valueName":"search_term_string"}}],"inLanguage":"pt-BR"},{"@type":"Organization","@id":"https:\/\/lutsot.com.br\/#organization","name":"LUTSOT","url":"https:\/\/lutsot.com.br\/","logo":{"@type":"ImageObject","inLanguage":"pt-BR","@id":"https:\/\/lutsot.com.br\/#\/schema\/logo\/image\/","url":"https:\/\/lutsot.com.br\/wp-content\/uploads\/2022\/07\/LutSot_Engenharia_Logotipo_350x100-1.png","contentUrl":"https:\/\/lutsot.com.br\/wp-content\/uploads\/2022\/07\/LutSot_Engenharia_Logotipo_350x100-1.png","width":244,"height":100,"caption":"LUTSOT"},"image":{"@id":"https:\/\/lutsot.com.br\/#\/schema\/logo\/image\/"},"sameAs":["https:\/\/www.linkedin.com\/company\/lutsot---desenvolvimento-de-projetos\/"]}]}},"_links":{"self":[{"href":"https:\/\/lutsot.com.br\/index.php\/wp-json\/wp\/v2\/pages\/198","targetHints":{"allow":["GET"]}}],"collection":[{"href":"https:\/\/lutsot.com.br\/index.php\/wp-json\/wp\/v2\/pages"}],"about":[{"href":"https:\/\/lutsot.com.br\/index.php\/wp-json\/wp\/v2\/types\/page"}],"author":[{"embeddable":true,"href":"https:\/\/lutsot.com.br\/index.php\/wp-json\/wp\/v2\/users\/1"}],"replies":[{"embeddable":true,"href":"https:\/\/lutsot.com.br\/index.php\/wp-json\/wp\/v2\/comments?post=198"}],"version-history":[{"count":34,"href":"https:\/\/lutsot.com.br\/index.php\/wp-json\/wp\/v2\/pages\/198\/revisions"}],"predecessor-version":[{"id":1764,"href":"https:\/\/lutsot.com.br\/index.php\/wp-json\/wp\/v2\/pages\/198\/revisions\/1764"}],"wp:attachment":[{"href":"https:\/\/lutsot.com.br\/index.php\/wp-json\/wp\/v2\/media?parent=198"}],"curies":[{"name":"wp","href":"https:\/\/api.w.org\/{rel}","templated":true}]}}