{"id":202,"date":"2022-07-07T17:18:40","date_gmt":"2022-07-07T20:18:40","guid":{"rendered":"https:\/\/lutsot.com.br\/?page_id=202"},"modified":"2022-07-21T01:24:50","modified_gmt":"2022-07-21T04:24:50","slug":"engenharia-civil","status":"publish","type":"page","link":"https:\/\/lutsot.com.br\/index.php\/engenharia-civil\/","title":{"rendered":"Engenharia Civil"},"content":{"rendered":"\t\t<div data-elementor-type=\"wp-page\" data-elementor-id=\"202\" class=\"elementor elementor-202\" data-elementor-post-type=\"page\">\n\t\t\t\t<div class=\"elementor-element elementor-element-4f28c92 e-flex e-con-boxed e-con e-parent\" data-id=\"4f28c92\" data-element_type=\"container\" data-e-type=\"container\" data-settings=\"{&quot;background_background&quot;:&quot;gradient&quot;}\">\n\t\t\t\t\t<div class=\"e-con-inner\">\n\t\t\t\t<div class=\"elementor-element elementor-element-16acef3 elementor-widget elementor-widget-heading\" data-id=\"16acef3\" data-element_type=\"widget\" data-e-type=\"widget\" data-widget_type=\"heading.default\">\n\t\t\t\t<div class=\"elementor-widget-container\">\n\t\t\t\t\t<h2 class=\"elementor-heading-title elementor-size-default\">Engenharia Civil<\/h2>\t\t\t\t<\/div>\n\t\t\t\t<\/div>\n\t\t\t\t\t<\/div>\n\t\t\t\t<\/div>\n\t\t<div class=\"elementor-element elementor-element-4b00431 e-flex e-con-boxed e-con e-parent\" data-id=\"4b00431\" data-element_type=\"container\" data-e-type=\"container\">\n\t\t\t\t\t<div class=\"e-con-inner\">\n\t\t\t\t<div class=\"elementor-element elementor-element-0582b8a elementor-widget elementor-widget-heading\" data-id=\"0582b8a\" data-element_type=\"widget\" data-e-type=\"widget\" data-widget_type=\"heading.default\">\n\t\t\t\t<div class=\"elementor-widget-container\">\n\t\t\t\t\t<h2 class=\"elementor-heading-title elementor-size-default\">Executamos obras por projetos em todas as fases:<\/h2>\t\t\t\t<\/div>\n\t\t\t\t<\/div>\n\t\t\t\t<div class=\"elementor-element elementor-element-84e1a1c elementor-widget elementor-widget-text-editor\" data-id=\"84e1a1c\" data-element_type=\"widget\" data-e-type=\"widget\" data-widget_type=\"text-editor.default\">\n\t\t\t\t<div class=\"elementor-widget-container\">\n\t\t\t\t\t\t\t\t\t<p>Obras com excel\u00eancia em engenharia e gest\u00e3o de qualidade, trabalhando com profissionais de alta performance para atingir nossos objetivos.<\/p>\t\t\t\t\t\t\t\t<\/div>\n\t\t\t\t<\/div>\n\t\t\t\t<div class=\"elementor-element elementor-element-58cc05d elementor-widget-divider--view-line elementor-widget elementor-widget-divider\" data-id=\"58cc05d\" data-element_type=\"widget\" data-e-type=\"widget\" data-widget_type=\"divider.default\">\n\t\t\t\t<div class=\"elementor-widget-container\">\n\t\t\t\t\t\t\t<div class=\"elementor-divider\">\n\t\t\t<span class=\"elementor-divider-separator\">\n\t\t\t\t\t\t<\/span>\n\t\t<\/div>\n\t\t\t\t\t\t<\/div>\n\t\t\t\t<\/div>\n\t\t\t\t\t<\/div>\n\t\t\t\t<\/div>\n\t\t<div class=\"elementor-element elementor-element-a42fc4c e-flex e-con-boxed e-con e-parent\" data-id=\"a42fc4c\" data-element_type=\"container\" data-e-type=\"container\">\n\t\t\t\t\t<div class=\"e-con-inner\">\n\t\t\t\t<div class=\"elementor-element elementor-element-51e78fc elementor-widget elementor-widget-text-editor\" data-id=\"51e78fc\" data-element_type=\"widget\" data-e-type=\"widget\" data-widget_type=\"text-editor.default\">\n\t\t\t\t<div class=\"elementor-widget-container\">\n\t\t\t\t\t\t\t\t\t<p>Com mais de 20 anos de experi\u00eancia, LUTSOT Engenharia, trabalha nos mais diversos segmentos da constru\u00e7\u00e3o civil no segmento residencial, comercial e industrial.<\/p><p><br \/>Atuando em todo o pa\u00eds, com planos de expans\u00e3o para outros pa\u00edses, a empresa se consolidou no mercado com a implementa\u00e7\u00e3o de projetos industriais de grande porte e complexidade para ambos os organismos p\u00fablicos a empresas privadas.<\/p><p><br \/>A evolu\u00e7\u00e3o da LUTSOT Engenharia \u00e9 baseada na avalia\u00e7\u00e3o do ser humano, por isso, investir em seus talentos e profissionais em encontrar alinhado com os valores da empresa, assegurando o envolvimento de pessoas capazes de promover uma gest\u00e3o diferenciada em seus empreendimentos.<\/p><p><br \/>O objetivo \u00e9 agregar valor para os clientes e manter a constante busca pela excel\u00eancia na gest\u00e3o de custos, seguran\u00e7a e servi\u00e7os em toda a preocupa\u00e7\u00e3o e preserva\u00e7\u00e3o do meio ambiente. \u00c9 desta forma, e aderindo a uma filosofia de neg\u00f3cio que se baseia na transpar\u00eancia, simplicidade e dedica\u00e7\u00e3o, que est\u00e1 preparado para vencer desafios que nos s\u00e3o impostos em cada obra.<\/p>\t\t\t\t\t\t\t\t<\/div>\n\t\t\t\t<\/div>\n\t\t\t\t\t<\/div>\n\t\t\t\t<\/div>\n\t\t<div class=\"elementor-element elementor-element-6d39c09 e-flex e-con-boxed e-con e-parent\" data-id=\"6d39c09\" data-element_type=\"container\" data-e-type=\"container\">\n\t\t\t\t\t<div class=\"e-con-inner\">\n\t\t<div class=\"elementor-element elementor-element-88f6028 e-con-full e-flex e-con e-parent\" data-id=\"88f6028\" data-element_type=\"container\" data-e-type=\"container\">\n\t\t\t\t<div class=\"elementor-element elementor-element-e6a1507 elementor-widget elementor-widget-image\" data-id=\"e6a1507\" data-element_type=\"widget\" data-e-type=\"widget\" data-widget_type=\"image.default\">\n\t\t\t\t<div class=\"elementor-widget-container\">\n\t\t\t\t\t\t\t\t\t\t\t\t\t\t\t<img fetchpriority=\"high\" decoding=\"async\" width=\"800\" height=\"523\" src=\"https:\/\/lutsot.com.br\/wp-content\/uploads\/2022\/07\/wa_import32.jpg\" class=\"attachment-large size-large wp-image-1963\" alt=\"\" srcset=\"https:\/\/lutsot.com.br\/wp-content\/uploads\/2022\/07\/wa_import32.jpg 1002w, https:\/\/lutsot.com.br\/wp-content\/uploads\/2022\/07\/wa_import32-300x196.jpg 300w, https:\/\/lutsot.com.br\/wp-content\/uploads\/2022\/07\/wa_import32-768x502.jpg 768w\" sizes=\"(max-width: 800px) 100vw, 800px\" \/>\t\t\t\t\t\t\t\t\t\t\t\t\t\t\t<\/div>\n\t\t\t\t<\/div>\n\t\t\t\t<\/div>\n\t\t<div class=\"elementor-element elementor-element-c201a24 e-con-full e-flex e-con e-parent\" data-id=\"c201a24\" data-element_type=\"container\" data-e-type=\"container\">\n\t\t\t\t<div class=\"elementor-element elementor-element-1f23e42 elementor-widget elementor-widget-image\" data-id=\"1f23e42\" data-element_type=\"widget\" data-e-type=\"widget\" data-widget_type=\"image.default\">\n\t\t\t\t<div class=\"elementor-widget-container\">\n\t\t\t\t\t\t\t\t\t\t\t\t\t\t\t<img decoding=\"async\" width=\"741\" height=\"441\" src=\"https:\/\/lutsot.com.br\/wp-content\/uploads\/2022\/07\/wa_import19.jpg\" class=\"attachment-large size-large wp-image-1967\" alt=\"\" srcset=\"https:\/\/lutsot.com.br\/wp-content\/uploads\/2022\/07\/wa_import19.jpg 741w, https:\/\/lutsot.com.br\/wp-content\/uploads\/2022\/07\/wa_import19-300x179.jpg 300w\" sizes=\"(max-width: 741px) 100vw, 741px\" \/>\t\t\t\t\t\t\t\t\t\t\t\t\t\t\t<\/div>\n\t\t\t\t<\/div>\n\t\t\t\t<\/div>\n\t\t\t\t\t<\/div>\n\t\t\t\t<\/div>\n\t\t<div class=\"elementor-element elementor-element-5be6970 e-flex e-con-boxed e-con e-parent\" data-id=\"5be6970\" data-element_type=\"container\" data-e-type=\"container\">\n\t\t\t\t\t<div class=\"e-con-inner\">\n\t\t\t\t<div class=\"elementor-element elementor-element-a40b8e0 elementor-widget-divider--view-line elementor-widget elementor-widget-divider\" data-id=\"a40b8e0\" data-element_type=\"widget\" data-e-type=\"widget\" data-widget_type=\"divider.default\">\n\t\t\t\t<div class=\"elementor-widget-container\">\n\t\t\t\t\t\t\t<div class=\"elementor-divider\">\n\t\t\t<span class=\"elementor-divider-separator\">\n\t\t\t\t\t\t<\/span>\n\t\t<\/div>\n\t\t\t\t\t\t<\/div>\n\t\t\t\t<\/div>\n\t\t\t\t\t<\/div>\n\t\t\t\t<\/div>\n\t\t<div class=\"elementor-element elementor-element-b83aca6 e-flex e-con-boxed e-con e-parent\" data-id=\"b83aca6\" data-element_type=\"container\" data-e-type=\"container\">\n\t\t\t\t\t<div class=\"e-con-inner\">\n\t\t<div class=\"elementor-element elementor-element-5456c34 e-con-full e-flex e-con e-parent\" data-id=\"5456c34\" data-element_type=\"container\" data-e-type=\"container\">\n\t\t\t\t<div class=\"elementor-element elementor-element-b1a3308 elementor-widget elementor-widget-image\" data-id=\"b1a3308\" data-element_type=\"widget\" data-e-type=\"widget\" data-widget_type=\"image.default\">\n\t\t\t\t<div class=\"elementor-widget-container\">\n\t\t\t\t\t\t\t\t\t\t\t\t\t\t\t<img decoding=\"async\" width=\"800\" height=\"663\" src=\"https:\/\/lutsot.com.br\/wp-content\/uploads\/2022\/07\/A1-1024x848.png\" class=\"attachment-large size-large wp-image-1995\" alt=\"\" srcset=\"https:\/\/lutsot.com.br\/wp-content\/uploads\/2022\/07\/A1-1024x848.png 1024w, https:\/\/lutsot.com.br\/wp-content\/uploads\/2022\/07\/A1-300x248.png 300w, https:\/\/lutsot.com.br\/wp-content\/uploads\/2022\/07\/A1-768x636.png 768w, https:\/\/lutsot.com.br\/wp-content\/uploads\/2022\/07\/A1.png 1080w\" sizes=\"(max-width: 800px) 100vw, 800px\" \/>\t\t\t\t\t\t\t\t\t\t\t\t\t\t\t<\/div>\n\t\t\t\t<\/div>\n\t\t\t\t<\/div>\n\t\t<div class=\"elementor-element elementor-element-c8a76a4 e-con-full e-flex e-con e-parent\" data-id=\"c8a76a4\" data-element_type=\"container\" data-e-type=\"container\">\n\t\t\t\t<div class=\"elementor-element elementor-element-c993e12 elementor-widget elementor-widget-image\" data-id=\"c993e12\" data-element_type=\"widget\" data-e-type=\"widget\" data-widget_type=\"image.default\">\n\t\t\t\t<div class=\"elementor-widget-container\">\n\t\t\t\t\t\t\t\t\t\t\t\t\t\t\t<img loading=\"lazy\" decoding=\"async\" width=\"800\" height=\"663\" src=\"https:\/\/lutsot.com.br\/wp-content\/uploads\/2022\/07\/A2-1024x848.png\" class=\"attachment-large size-large wp-image-1997\" alt=\"\" srcset=\"https:\/\/lutsot.com.br\/wp-content\/uploads\/2022\/07\/A2-1024x848.png 1024w, https:\/\/lutsot.com.br\/wp-content\/uploads\/2022\/07\/A2-300x248.png 300w, https:\/\/lutsot.com.br\/wp-content\/uploads\/2022\/07\/A2-768x636.png 768w, https:\/\/lutsot.com.br\/wp-content\/uploads\/2022\/07\/A2.png 1080w\" sizes=\"(max-width: 800px) 100vw, 800px\" \/>\t\t\t\t\t\t\t\t\t\t\t\t\t\t\t<\/div>\n\t\t\t\t<\/div>\n\t\t\t\t<\/div>\n\t\t<div class=\"elementor-element elementor-element-5710959 e-con-full e-flex e-con e-parent\" data-id=\"5710959\" data-element_type=\"container\" data-e-type=\"container\">\n\t\t\t\t<div class=\"elementor-element elementor-element-e31ca45 elementor-widget elementor-widget-image\" data-id=\"e31ca45\" data-element_type=\"widget\" data-e-type=\"widget\" data-widget_type=\"image.default\">\n\t\t\t\t<div class=\"elementor-widget-container\">\n\t\t\t\t\t\t\t\t\t\t\t\t\t\t\t<img loading=\"lazy\" decoding=\"async\" width=\"800\" height=\"663\" src=\"https:\/\/lutsot.com.br\/wp-content\/uploads\/2022\/07\/a3-1-1024x848.png\" class=\"attachment-large size-large wp-image-2003\" alt=\"\" srcset=\"https:\/\/lutsot.com.br\/wp-content\/uploads\/2022\/07\/a3-1-1024x848.png 1024w, https:\/\/lutsot.com.br\/wp-content\/uploads\/2022\/07\/a3-1-300x248.png 300w, https:\/\/lutsot.com.br\/wp-content\/uploads\/2022\/07\/a3-1-768x636.png 768w, https:\/\/lutsot.com.br\/wp-content\/uploads\/2022\/07\/a3-1.png 1080w\" sizes=\"(max-width: 800px) 100vw, 800px\" \/>\t\t\t\t\t\t\t\t\t\t\t\t\t\t\t<\/div>\n\t\t\t\t<\/div>\n\t\t\t\t<\/div>\n\t\t<div class=\"elementor-element elementor-element-0912012 e-con-full e-flex e-con e-parent\" data-id=\"0912012\" data-element_type=\"container\" data-e-type=\"container\">\n\t\t\t\t<div class=\"elementor-element elementor-element-5d95bf7 elementor-widget elementor-widget-image\" data-id=\"5d95bf7\" data-element_type=\"widget\" data-e-type=\"widget\" data-widget_type=\"image.default\">\n\t\t\t\t<div class=\"elementor-widget-container\">\n\t\t\t\t\t\t\t\t\t\t\t\t\t\t\t<img loading=\"lazy\" decoding=\"async\" width=\"800\" height=\"663\" src=\"https:\/\/lutsot.com.br\/wp-content\/uploads\/2022\/07\/a4-1024x848.png\" class=\"attachment-large size-large wp-image-2011\" alt=\"\" srcset=\"https:\/\/lutsot.com.br\/wp-content\/uploads\/2022\/07\/a4-1024x848.png 1024w, https:\/\/lutsot.com.br\/wp-content\/uploads\/2022\/07\/a4-300x248.png 300w, https:\/\/lutsot.com.br\/wp-content\/uploads\/2022\/07\/a4-768x636.png 768w, https:\/\/lutsot.com.br\/wp-content\/uploads\/2022\/07\/a4.png 1080w\" sizes=\"(max-width: 800px) 100vw, 800px\" \/>\t\t\t\t\t\t\t\t\t\t\t\t\t\t\t<\/div>\n\t\t\t\t<\/div>\n\t\t\t\t<\/div>\n\t\t<div class=\"elementor-element elementor-element-5560561 e-con-full e-flex e-con e-parent\" data-id=\"5560561\" data-element_type=\"container\" data-e-type=\"container\">\n\t\t\t\t<div class=\"elementor-element elementor-element-a2728ed elementor-widget elementor-widget-image\" data-id=\"a2728ed\" data-element_type=\"widget\" data-e-type=\"widget\" data-widget_type=\"image.default\">\n\t\t\t\t<div class=\"elementor-widget-container\">\n\t\t\t\t\t\t\t\t\t\t\t\t\t\t\t<img loading=\"lazy\" decoding=\"async\" width=\"800\" height=\"663\" src=\"https:\/\/lutsot.com.br\/wp-content\/uploads\/2022\/07\/a5-1024x848.png\" class=\"attachment-large size-large wp-image-2007\" alt=\"\" srcset=\"https:\/\/lutsot.com.br\/wp-content\/uploads\/2022\/07\/a5-1024x848.png 1024w, https:\/\/lutsot.com.br\/wp-content\/uploads\/2022\/07\/a5-300x248.png 300w, https:\/\/lutsot.com.br\/wp-content\/uploads\/2022\/07\/a5-768x636.png 768w, https:\/\/lutsot.com.br\/wp-content\/uploads\/2022\/07\/a5.png 1080w\" sizes=\"(max-width: 800px) 100vw, 800px\" \/>\t\t\t\t\t\t\t\t\t\t\t\t\t\t\t<\/div>\n\t\t\t\t<\/div>\n\t\t\t\t<\/div>\n\t\t<div class=\"elementor-element elementor-element-0284aab e-con-full e-flex e-con e-parent\" data-id=\"0284aab\" data-element_type=\"container\" data-e-type=\"container\">\n\t\t\t\t<div class=\"elementor-element elementor-element-7b326c3 elementor-widget elementor-widget-image\" data-id=\"7b326c3\" data-element_type=\"widget\" data-e-type=\"widget\" data-widget_type=\"image.default\">\n\t\t\t\t<div class=\"elementor-widget-container\">\n\t\t\t\t\t\t\t\t\t\t\t\t\t\t\t<img decoding=\"async\" src=\"https:\/\/lutsot.com.br\/wp-content\/uploads\/2022\/07\/A6.png\" title=\"A6\" alt=\"A6\" loading=\"lazy\" \/>\t\t\t\t\t\t\t\t\t\t\t\t\t\t\t<\/div>\n\t\t\t\t<\/div>\n\t\t\t\t<\/div>\n\t\t\t\t\t<\/div>\n\t\t\t\t<\/div>\n\t\t\t\t<\/div>\n\t\t","protected":false},"excerpt":{"rendered":"<p>Engenharia Civil Executamos obras por projetos em todas as fases: Obras com excel\u00eancia em engenharia e gest\u00e3o de qualidade, trabalhando com profissionais de alta performance para atingir nossos objetivos. Com mais de 20 anos de experi\u00eancia, LUTSOT Engenharia, trabalha nos mais diversos segmentos da constru\u00e7\u00e3o civil no segmento residencial, comercial e industrial. Atuando em todo [&hellip;]<\/p>\n","protected":false},"author":1,"featured_media":0,"parent":0,"menu_order":0,"comment_status":"closed","ping_status":"closed","template":"elementor_header_footer","meta":{"footnotes":""},"class_list":["post-202","page","type-page","status-publish","hentry"],"yoast_head":"<!-- This site is optimized with the Yoast SEO plugin v26.8 - https:\/\/yoast.com\/product\/yoast-seo-wordpress\/ -->\n<title>Engenharia Civil - LUTSOT<\/title>\n<meta name=\"robots\" content=\"index, follow, max-snippet:-1, max-image-preview:large, max-video-preview:-1\" \/>\n<link rel=\"canonical\" href=\"https:\/\/lutsot.com.br\/index.php\/engenharia-civil\/\" \/>\n<meta property=\"og:locale\" content=\"pt_BR\" \/>\n<meta property=\"og:type\" content=\"article\" \/>\n<meta property=\"og:title\" content=\"Engenharia Civil - LUTSOT\" \/>\n<meta property=\"og:description\" content=\"Engenharia Civil Executamos obras por projetos em todas as fases: Obras com excel\u00eancia em engenharia e gest\u00e3o de qualidade, trabalhando com profissionais de alta performance para atingir nossos objetivos. Com mais de 20 anos de experi\u00eancia, LUTSOT Engenharia, trabalha nos mais diversos segmentos da constru\u00e7\u00e3o civil no segmento residencial, comercial e industrial. Atuando em todo [&hellip;]\" \/>\n<meta property=\"og:url\" content=\"https:\/\/lutsot.com.br\/index.php\/engenharia-civil\/\" \/>\n<meta property=\"og:site_name\" content=\"LUTSOT\" \/>\n<meta property=\"article:modified_time\" content=\"2022-07-21T04:24:50+00:00\" \/>\n<meta property=\"og:image\" content=\"https:\/\/lutsot.com.br\/wp-content\/uploads\/2022\/07\/wa_import32.jpg\" \/>\n<meta name=\"twitter:card\" content=\"summary_large_image\" \/>\n<meta name=\"twitter:label1\" content=\"Est. tempo de leitura\" \/>\n\t<meta name=\"twitter:data1\" content=\"3 minutos\" \/>\n<script type=\"application\/ld+json\" class=\"yoast-schema-graph\">{\"@context\":\"https:\/\/schema.org\",\"@graph\":[{\"@type\":\"WebPage\",\"@id\":\"https:\/\/lutsot.com.br\/index.php\/engenharia-civil\/\",\"url\":\"https:\/\/lutsot.com.br\/index.php\/engenharia-civil\/\",\"name\":\"Engenharia Civil - LUTSOT\",\"isPartOf\":{\"@id\":\"https:\/\/lutsot.com.br\/#website\"},\"primaryImageOfPage\":{\"@id\":\"https:\/\/lutsot.com.br\/index.php\/engenharia-civil\/#primaryimage\"},\"image\":{\"@id\":\"https:\/\/lutsot.com.br\/index.php\/engenharia-civil\/#primaryimage\"},\"thumbnailUrl\":\"https:\/\/lutsot.com.br\/wp-content\/uploads\/2022\/07\/wa_import32.jpg\",\"datePublished\":\"2022-07-07T20:18:40+00:00\",\"dateModified\":\"2022-07-21T04:24:50+00:00\",\"breadcrumb\":{\"@id\":\"https:\/\/lutsot.com.br\/index.php\/engenharia-civil\/#breadcrumb\"},\"inLanguage\":\"pt-BR\",\"potentialAction\":[{\"@type\":\"ReadAction\",\"target\":[\"https:\/\/lutsot.com.br\/index.php\/engenharia-civil\/\"]}]},{\"@type\":\"ImageObject\",\"inLanguage\":\"pt-BR\",\"@id\":\"https:\/\/lutsot.com.br\/index.php\/engenharia-civil\/#primaryimage\",\"url\":\"https:\/\/lutsot.com.br\/wp-content\/uploads\/2022\/07\/wa_import32.jpg\",\"contentUrl\":\"https:\/\/lutsot.com.br\/wp-content\/uploads\/2022\/07\/wa_import32.jpg\",\"width\":1002,\"height\":655},{\"@type\":\"BreadcrumbList\",\"@id\":\"https:\/\/lutsot.com.br\/index.php\/engenharia-civil\/#breadcrumb\",\"itemListElement\":[{\"@type\":\"ListItem\",\"position\":1,\"name\":\"In\u00edcio\",\"item\":\"https:\/\/lutsot.com.br\/\"},{\"@type\":\"ListItem\",\"position\":2,\"name\":\"Engenharia Civil\"}]},{\"@type\":\"WebSite\",\"@id\":\"https:\/\/lutsot.com.br\/#website\",\"url\":\"https:\/\/lutsot.com.br\/\",\"name\":\"LUTSOT\",\"description\":\"Engenharia de Projetos\",\"publisher\":{\"@id\":\"https:\/\/lutsot.com.br\/#organization\"},\"potentialAction\":[{\"@type\":\"SearchAction\",\"target\":{\"@type\":\"EntryPoint\",\"urlTemplate\":\"https:\/\/lutsot.com.br\/?s={search_term_string}\"},\"query-input\":{\"@type\":\"PropertyValueSpecification\",\"valueRequired\":true,\"valueName\":\"search_term_string\"}}],\"inLanguage\":\"pt-BR\"},{\"@type\":\"Organization\",\"@id\":\"https:\/\/lutsot.com.br\/#organization\",\"name\":\"LUTSOT\",\"url\":\"https:\/\/lutsot.com.br\/\",\"logo\":{\"@type\":\"ImageObject\",\"inLanguage\":\"pt-BR\",\"@id\":\"https:\/\/lutsot.com.br\/#\/schema\/logo\/image\/\",\"url\":\"https:\/\/lutsot.com.br\/wp-content\/uploads\/2022\/07\/LutSot_Engenharia_Logotipo_350x100-1.png\",\"contentUrl\":\"https:\/\/lutsot.com.br\/wp-content\/uploads\/2022\/07\/LutSot_Engenharia_Logotipo_350x100-1.png\",\"width\":244,\"height\":100,\"caption\":\"LUTSOT\"},\"image\":{\"@id\":\"https:\/\/lutsot.com.br\/#\/schema\/logo\/image\/\"},\"sameAs\":[\"https:\/\/www.linkedin.com\/company\/lutsot---desenvolvimento-de-projetos\/\"]}]}<\/script>\n<!-- \/ Yoast SEO plugin. -->","yoast_head_json":{"title":"Engenharia Civil - LUTSOT","robots":{"index":"index","follow":"follow","max-snippet":"max-snippet:-1","max-image-preview":"max-image-preview:large","max-video-preview":"max-video-preview:-1"},"canonical":"https:\/\/lutsot.com.br\/index.php\/engenharia-civil\/","og_locale":"pt_BR","og_type":"article","og_title":"Engenharia Civil - LUTSOT","og_description":"Engenharia Civil Executamos obras por projetos em todas as fases: Obras com excel\u00eancia em engenharia e gest\u00e3o de qualidade, trabalhando com profissionais de alta performance para atingir nossos objetivos. Com mais de 20 anos de experi\u00eancia, LUTSOT Engenharia, trabalha nos mais diversos segmentos da constru\u00e7\u00e3o civil no segmento residencial, comercial e industrial. Atuando em todo [&hellip;]","og_url":"https:\/\/lutsot.com.br\/index.php\/engenharia-civil\/","og_site_name":"LUTSOT","article_modified_time":"2022-07-21T04:24:50+00:00","og_image":[{"url":"https:\/\/lutsot.com.br\/wp-content\/uploads\/2022\/07\/wa_import32.jpg","type":"","width":"","height":""}],"twitter_card":"summary_large_image","twitter_misc":{"Est. tempo de leitura":"3 minutos"},"schema":{"@context":"https:\/\/schema.org","@graph":[{"@type":"WebPage","@id":"https:\/\/lutsot.com.br\/index.php\/engenharia-civil\/","url":"https:\/\/lutsot.com.br\/index.php\/engenharia-civil\/","name":"Engenharia Civil - LUTSOT","isPartOf":{"@id":"https:\/\/lutsot.com.br\/#website"},"primaryImageOfPage":{"@id":"https:\/\/lutsot.com.br\/index.php\/engenharia-civil\/#primaryimage"},"image":{"@id":"https:\/\/lutsot.com.br\/index.php\/engenharia-civil\/#primaryimage"},"thumbnailUrl":"https:\/\/lutsot.com.br\/wp-content\/uploads\/2022\/07\/wa_import32.jpg","datePublished":"2022-07-07T20:18:40+00:00","dateModified":"2022-07-21T04:24:50+00:00","breadcrumb":{"@id":"https:\/\/lutsot.com.br\/index.php\/engenharia-civil\/#breadcrumb"},"inLanguage":"pt-BR","potentialAction":[{"@type":"ReadAction","target":["https:\/\/lutsot.com.br\/index.php\/engenharia-civil\/"]}]},{"@type":"ImageObject","inLanguage":"pt-BR","@id":"https:\/\/lutsot.com.br\/index.php\/engenharia-civil\/#primaryimage","url":"https:\/\/lutsot.com.br\/wp-content\/uploads\/2022\/07\/wa_import32.jpg","contentUrl":"https:\/\/lutsot.com.br\/wp-content\/uploads\/2022\/07\/wa_import32.jpg","width":1002,"height":655},{"@type":"BreadcrumbList","@id":"https:\/\/lutsot.com.br\/index.php\/engenharia-civil\/#breadcrumb","itemListElement":[{"@type":"ListItem","position":1,"name":"In\u00edcio","item":"https:\/\/lutsot.com.br\/"},{"@type":"ListItem","position":2,"name":"Engenharia Civil"}]},{"@type":"WebSite","@id":"https:\/\/lutsot.com.br\/#website","url":"https:\/\/lutsot.com.br\/","name":"LUTSOT","description":"Engenharia de Projetos","publisher":{"@id":"https:\/\/lutsot.com.br\/#organization"},"potentialAction":[{"@type":"SearchAction","target":{"@type":"EntryPoint","urlTemplate":"https:\/\/lutsot.com.br\/?s={search_term_string}"},"query-input":{"@type":"PropertyValueSpecification","valueRequired":true,"valueName":"search_term_string"}}],"inLanguage":"pt-BR"},{"@type":"Organization","@id":"https:\/\/lutsot.com.br\/#organization","name":"LUTSOT","url":"https:\/\/lutsot.com.br\/","logo":{"@type":"ImageObject","inLanguage":"pt-BR","@id":"https:\/\/lutsot.com.br\/#\/schema\/logo\/image\/","url":"https:\/\/lutsot.com.br\/wp-content\/uploads\/2022\/07\/LutSot_Engenharia_Logotipo_350x100-1.png","contentUrl":"https:\/\/lutsot.com.br\/wp-content\/uploads\/2022\/07\/LutSot_Engenharia_Logotipo_350x100-1.png","width":244,"height":100,"caption":"LUTSOT"},"image":{"@id":"https:\/\/lutsot.com.br\/#\/schema\/logo\/image\/"},"sameAs":["https:\/\/www.linkedin.com\/company\/lutsot---desenvolvimento-de-projetos\/"]}]}},"_links":{"self":[{"href":"https:\/\/lutsot.com.br\/index.php\/wp-json\/wp\/v2\/pages\/202","targetHints":{"allow":["GET"]}}],"collection":[{"href":"https:\/\/lutsot.com.br\/index.php\/wp-json\/wp\/v2\/pages"}],"about":[{"href":"https:\/\/lutsot.com.br\/index.php\/wp-json\/wp\/v2\/types\/page"}],"author":[{"embeddable":true,"href":"https:\/\/lutsot.com.br\/index.php\/wp-json\/wp\/v2\/users\/1"}],"replies":[{"embeddable":true,"href":"https:\/\/lutsot.com.br\/index.php\/wp-json\/wp\/v2\/comments?post=202"}],"version-history":[{"count":137,"href":"https:\/\/lutsot.com.br\/index.php\/wp-json\/wp\/v2\/pages\/202\/revisions"}],"predecessor-version":[{"id":2145,"href":"https:\/\/lutsot.com.br\/index.php\/wp-json\/wp\/v2\/pages\/202\/revisions\/2145"}],"wp:attachment":[{"href":"https:\/\/lutsot.com.br\/index.php\/wp-json\/wp\/v2\/media?parent=202"}],"curies":[{"name":"wp","href":"https:\/\/api.w.org\/{rel}","templated":true}]}}