{"id":204,"date":"2022-07-07T17:18:53","date_gmt":"2022-07-07T20:18:53","guid":{"rendered":"https:\/\/lutsot.com.br\/?page_id=204"},"modified":"2022-07-14T12:37:49","modified_gmt":"2022-07-14T15:37:49","slug":"engenharia-eletrica","status":"publish","type":"page","link":"https:\/\/lutsot.com.br\/index.php\/engenharia-eletrica\/","title":{"rendered":"Engenharia El\u00e9trica"},"content":{"rendered":"\t\t<div data-elementor-type=\"wp-page\" data-elementor-id=\"204\" class=\"elementor elementor-204\" data-elementor-post-type=\"page\">\n\t\t\t\t<div class=\"elementor-element elementor-element-4cfbc62 e-flex e-con-boxed e-con e-parent\" data-id=\"4cfbc62\" data-element_type=\"container\" data-e-type=\"container\" data-settings=\"{&quot;background_background&quot;:&quot;gradient&quot;}\">\n\t\t\t\t\t<div class=\"e-con-inner\">\n\t\t\t\t<div class=\"elementor-element elementor-element-ae48e99 elementor-widget elementor-widget-heading\" data-id=\"ae48e99\" data-element_type=\"widget\" data-e-type=\"widget\" data-widget_type=\"heading.default\">\n\t\t\t\t<div class=\"elementor-widget-container\">\n\t\t\t\t\t<h2 class=\"elementor-heading-title elementor-size-default\">Engenharia El\u00e9trica<\/h2>\t\t\t\t<\/div>\n\t\t\t\t<\/div>\n\t\t\t\t\t<\/div>\n\t\t\t\t<\/div>\n\t\t<div class=\"elementor-element elementor-element-30314bc e-flex e-con-boxed e-con e-parent\" data-id=\"30314bc\" data-element_type=\"container\" data-e-type=\"container\">\n\t\t\t\t\t<div class=\"e-con-inner\">\n\t\t\t\t<div class=\"elementor-element elementor-element-cf76263 elementor-widget elementor-widget-text-editor\" data-id=\"cf76263\" data-element_type=\"widget\" data-e-type=\"widget\" data-widget_type=\"text-editor.default\">\n\t\t\t\t<div class=\"elementor-widget-container\">\n\t\t\t\t\t\t\t\t\t<p>Com a possibilidade de atender de maneira eficiente empresas de energia, ind\u00fastrias de minera\u00e7\u00e3o, \u00f3leo, g\u00e1s e transporte,entre outras, a engenharia el\u00e9trica industrial oferece a esses clientes as melhores solu\u00e7\u00f5es para suas demandas, seja cominstala\u00e7\u00f5es, manuten\u00e7\u00e3o ou at\u00e9 mesmo automa\u00e7\u00e3o industrial.<br \/>Composta por profissionais qualificados e que re\u00fanem mais de 15 anos de experi\u00eancia no segmento, a Mp EngenhariaEl\u00e9trica \u00e9 uma competente e especializada empresa que desde a sua funda\u00e7\u00e3o tem trabalhado constantemente na melhoriae desenvolvimento de seus servi\u00e7os.<br \/>Dessa maneira a Mp Engenharia El\u00e9trica segue proporcionando solu\u00e7\u00f5es pr\u00e1ticas, eficientes e que atendem as demandasperfeitamente, garantindo assim a total satisfa\u00e7\u00e3o de seus clientes.<\/p>\t\t\t\t\t\t\t\t<\/div>\n\t\t\t\t<\/div>\n\t\t\t\t\t<\/div>\n\t\t\t\t<\/div>\n\t\t<div class=\"elementor-element elementor-element-fc5a656 e-flex e-con-boxed e-con e-parent\" data-id=\"fc5a656\" data-element_type=\"container\" data-e-type=\"container\">\n\t\t\t\t\t<div class=\"e-con-inner\">\n\t\t\t\t<div class=\"elementor-element elementor-element-12a286b elementor-widget elementor-widget-image\" data-id=\"12a286b\" data-element_type=\"widget\" data-e-type=\"widget\" data-widget_type=\"image.default\">\n\t\t\t\t<div class=\"elementor-widget-container\">\n\t\t\t\t\t\t\t\t\t\t\t\t\t\t\t<img fetchpriority=\"high\" decoding=\"async\" width=\"768\" height=\"768\" src=\"https:\/\/lutsot.com.br\/wp-content\/uploads\/2022\/07\/Prancheta-1-768x768.png\" class=\"attachment-medium_large size-medium_large wp-image-1209\" alt=\"\" srcset=\"https:\/\/lutsot.com.br\/wp-content\/uploads\/2022\/07\/Prancheta-1-768x768.png 768w, https:\/\/lutsot.com.br\/wp-content\/uploads\/2022\/07\/Prancheta-1-300x300.png 300w, https:\/\/lutsot.com.br\/wp-content\/uploads\/2022\/07\/Prancheta-1-1024x1024.png 1024w, https:\/\/lutsot.com.br\/wp-content\/uploads\/2022\/07\/Prancheta-1-150x150.png 150w, https:\/\/lutsot.com.br\/wp-content\/uploads\/2022\/07\/Prancheta-1.png 1080w\" sizes=\"(max-width: 768px) 100vw, 768px\" \/>\t\t\t\t\t\t\t\t\t\t\t\t\t\t\t<\/div>\n\t\t\t\t<\/div>\n\t\t\t\t\t<\/div>\n\t\t\t\t<\/div>\n\t\t<div class=\"elementor-element elementor-element-39280fb e-flex e-con-boxed e-con e-parent\" data-id=\"39280fb\" data-element_type=\"container\" data-e-type=\"container\">\n\t\t\t\t\t<div class=\"e-con-inner\">\n\t\t\t\t<div class=\"elementor-element elementor-element-d1c927b elementor-widget elementor-widget-heading\" data-id=\"d1c927b\" data-element_type=\"widget\" data-e-type=\"widget\" data-widget_type=\"heading.default\">\n\t\t\t\t<div class=\"elementor-widget-container\">\n\t\t\t\t\t<h2 class=\"elementor-heading-title elementor-size-default\">Algumas de nossas especialidades em montagem el\u00e9trica<\/h2>\t\t\t\t<\/div>\n\t\t\t\t<\/div>\n\t\t\t\t\t<\/div>\n\t\t\t\t<\/div>\n\t\t<div class=\"elementor-element elementor-element-37b35e3 e-flex e-con-boxed e-con e-parent\" data-id=\"37b35e3\" data-element_type=\"container\" data-e-type=\"container\">\n\t\t\t\t\t<div class=\"e-con-inner\">\n\t\t\t\t<div class=\"elementor-element elementor-element-9fb7622 elementor-widget elementor-widget-text-editor\" data-id=\"9fb7622\" data-element_type=\"widget\" data-e-type=\"widget\" data-widget_type=\"text-editor.default\">\n\t\t\t\t<div class=\"elementor-widget-container\">\n\t\t\t\t\t\t\t\t\t<ul><li>Subesta\u00e7\u00e3o el\u00e9trica de alta e m\u00e9dia tens\u00e3o<\/li><li>\u00a0Ilumina\u00e7\u00e3o vi\u00e1ria<\/li><li>\u00a0Comando e for\u00e7a<\/li><li>\u00a0Distribui\u00e7\u00e3o de Energia<\/li><li>Cabine de medi\u00e7\u00e3o (entrada de energia)<\/li><li>\u00a0Gera\u00e7\u00e3o de energia el\u00e9trica<\/li><li>Pain\u00e9is el\u00e9tricos<\/li><li>\u00a0Infra estrutura industrial<\/li><\/ul>\t\t\t\t\t\t\t\t<\/div>\n\t\t\t\t<\/div>\n\t\t\t\t\t<\/div>\n\t\t\t\t<\/div>\n\t\t\t\t<\/div>\n\t\t","protected":false},"excerpt":{"rendered":"<p>Engenharia El\u00e9trica Com a possibilidade de atender de maneira eficiente empresas de energia, ind\u00fastrias de minera\u00e7\u00e3o, \u00f3leo, g\u00e1s e transporte,entre outras, a engenharia el\u00e9trica industrial oferece a esses clientes as melhores solu\u00e7\u00f5es para suas demandas, seja cominstala\u00e7\u00f5es, manuten\u00e7\u00e3o ou at\u00e9 mesmo automa\u00e7\u00e3o industrial.Composta por profissionais qualificados e que re\u00fanem mais de 15 anos de experi\u00eancia [&hellip;]<\/p>\n","protected":false},"author":1,"featured_media":0,"parent":0,"menu_order":0,"comment_status":"closed","ping_status":"closed","template":"elementor_header_footer","meta":{"footnotes":""},"class_list":["post-204","page","type-page","status-publish","hentry"],"yoast_head":"<!-- This site is optimized with the Yoast SEO plugin v26.8 - https:\/\/yoast.com\/product\/yoast-seo-wordpress\/ -->\n<title>Engenharia El\u00e9trica - LUTSOT<\/title>\n<meta name=\"robots\" content=\"index, follow, max-snippet:-1, max-image-preview:large, max-video-preview:-1\" \/>\n<link rel=\"canonical\" href=\"https:\/\/lutsot.com.br\/index.php\/engenharia-eletrica\/\" \/>\n<meta property=\"og:locale\" content=\"pt_BR\" \/>\n<meta property=\"og:type\" content=\"article\" \/>\n<meta property=\"og:title\" content=\"Engenharia El\u00e9trica - LUTSOT\" \/>\n<meta property=\"og:description\" content=\"Engenharia El\u00e9trica Com a possibilidade de atender de maneira eficiente empresas de energia, ind\u00fastrias de minera\u00e7\u00e3o, \u00f3leo, g\u00e1s e transporte,entre outras, a engenharia el\u00e9trica industrial oferece a esses clientes as melhores solu\u00e7\u00f5es para suas demandas, seja cominstala\u00e7\u00f5es, manuten\u00e7\u00e3o ou at\u00e9 mesmo automa\u00e7\u00e3o industrial.Composta por profissionais qualificados e que re\u00fanem mais de 15 anos de experi\u00eancia [&hellip;]\" \/>\n<meta property=\"og:url\" content=\"https:\/\/lutsot.com.br\/index.php\/engenharia-eletrica\/\" \/>\n<meta property=\"og:site_name\" content=\"LUTSOT\" \/>\n<meta property=\"article:modified_time\" content=\"2022-07-14T15:37:49+00:00\" \/>\n<meta property=\"og:image\" content=\"https:\/\/lutsot.com.br\/wp-content\/uploads\/2022\/07\/Prancheta-1-768x768.png\" \/>\n<meta name=\"twitter:card\" content=\"summary_large_image\" \/>\n<meta name=\"twitter:label1\" content=\"Est. tempo de leitura\" \/>\n\t<meta name=\"twitter:data1\" content=\"1 minuto\" \/>\n<script type=\"application\/ld+json\" class=\"yoast-schema-graph\">{\"@context\":\"https:\/\/schema.org\",\"@graph\":[{\"@type\":\"WebPage\",\"@id\":\"https:\/\/lutsot.com.br\/index.php\/engenharia-eletrica\/\",\"url\":\"https:\/\/lutsot.com.br\/index.php\/engenharia-eletrica\/\",\"name\":\"Engenharia El\u00e9trica - LUTSOT\",\"isPartOf\":{\"@id\":\"https:\/\/lutsot.com.br\/#website\"},\"primaryImageOfPage\":{\"@id\":\"https:\/\/lutsot.com.br\/index.php\/engenharia-eletrica\/#primaryimage\"},\"image\":{\"@id\":\"https:\/\/lutsot.com.br\/index.php\/engenharia-eletrica\/#primaryimage\"},\"thumbnailUrl\":\"https:\/\/lutsot.com.br\/wp-content\/uploads\/2022\/07\/Prancheta-1-768x768.png\",\"datePublished\":\"2022-07-07T20:18:53+00:00\",\"dateModified\":\"2022-07-14T15:37:49+00:00\",\"breadcrumb\":{\"@id\":\"https:\/\/lutsot.com.br\/index.php\/engenharia-eletrica\/#breadcrumb\"},\"inLanguage\":\"pt-BR\",\"potentialAction\":[{\"@type\":\"ReadAction\",\"target\":[\"https:\/\/lutsot.com.br\/index.php\/engenharia-eletrica\/\"]}]},{\"@type\":\"ImageObject\",\"inLanguage\":\"pt-BR\",\"@id\":\"https:\/\/lutsot.com.br\/index.php\/engenharia-eletrica\/#primaryimage\",\"url\":\"https:\/\/lutsot.com.br\/wp-content\/uploads\/2022\/07\/Prancheta-1.png\",\"contentUrl\":\"https:\/\/lutsot.com.br\/wp-content\/uploads\/2022\/07\/Prancheta-1.png\",\"width\":1080,\"height\":1080},{\"@type\":\"BreadcrumbList\",\"@id\":\"https:\/\/lutsot.com.br\/index.php\/engenharia-eletrica\/#breadcrumb\",\"itemListElement\":[{\"@type\":\"ListItem\",\"position\":1,\"name\":\"In\u00edcio\",\"item\":\"https:\/\/lutsot.com.br\/\"},{\"@type\":\"ListItem\",\"position\":2,\"name\":\"Engenharia El\u00e9trica\"}]},{\"@type\":\"WebSite\",\"@id\":\"https:\/\/lutsot.com.br\/#website\",\"url\":\"https:\/\/lutsot.com.br\/\",\"name\":\"LUTSOT\",\"description\":\"Engenharia de Projetos\",\"publisher\":{\"@id\":\"https:\/\/lutsot.com.br\/#organization\"},\"potentialAction\":[{\"@type\":\"SearchAction\",\"target\":{\"@type\":\"EntryPoint\",\"urlTemplate\":\"https:\/\/lutsot.com.br\/?s={search_term_string}\"},\"query-input\":{\"@type\":\"PropertyValueSpecification\",\"valueRequired\":true,\"valueName\":\"search_term_string\"}}],\"inLanguage\":\"pt-BR\"},{\"@type\":\"Organization\",\"@id\":\"https:\/\/lutsot.com.br\/#organization\",\"name\":\"LUTSOT\",\"url\":\"https:\/\/lutsot.com.br\/\",\"logo\":{\"@type\":\"ImageObject\",\"inLanguage\":\"pt-BR\",\"@id\":\"https:\/\/lutsot.com.br\/#\/schema\/logo\/image\/\",\"url\":\"https:\/\/lutsot.com.br\/wp-content\/uploads\/2022\/07\/LutSot_Engenharia_Logotipo_350x100-1.png\",\"contentUrl\":\"https:\/\/lutsot.com.br\/wp-content\/uploads\/2022\/07\/LutSot_Engenharia_Logotipo_350x100-1.png\",\"width\":244,\"height\":100,\"caption\":\"LUTSOT\"},\"image\":{\"@id\":\"https:\/\/lutsot.com.br\/#\/schema\/logo\/image\/\"},\"sameAs\":[\"https:\/\/www.linkedin.com\/company\/lutsot---desenvolvimento-de-projetos\/\"]}]}<\/script>\n<!-- \/ Yoast SEO plugin. -->","yoast_head_json":{"title":"Engenharia El\u00e9trica - LUTSOT","robots":{"index":"index","follow":"follow","max-snippet":"max-snippet:-1","max-image-preview":"max-image-preview:large","max-video-preview":"max-video-preview:-1"},"canonical":"https:\/\/lutsot.com.br\/index.php\/engenharia-eletrica\/","og_locale":"pt_BR","og_type":"article","og_title":"Engenharia El\u00e9trica - LUTSOT","og_description":"Engenharia El\u00e9trica Com a possibilidade de atender de maneira eficiente empresas de energia, ind\u00fastrias de minera\u00e7\u00e3o, \u00f3leo, g\u00e1s e transporte,entre outras, a engenharia el\u00e9trica industrial oferece a esses clientes as melhores solu\u00e7\u00f5es para suas demandas, seja cominstala\u00e7\u00f5es, manuten\u00e7\u00e3o ou at\u00e9 mesmo automa\u00e7\u00e3o industrial.Composta por profissionais qualificados e que re\u00fanem mais de 15 anos de experi\u00eancia [&hellip;]","og_url":"https:\/\/lutsot.com.br\/index.php\/engenharia-eletrica\/","og_site_name":"LUTSOT","article_modified_time":"2022-07-14T15:37:49+00:00","og_image":[{"url":"https:\/\/lutsot.com.br\/wp-content\/uploads\/2022\/07\/Prancheta-1-768x768.png","type":"","width":"","height":""}],"twitter_card":"summary_large_image","twitter_misc":{"Est. tempo de leitura":"1 minuto"},"schema":{"@context":"https:\/\/schema.org","@graph":[{"@type":"WebPage","@id":"https:\/\/lutsot.com.br\/index.php\/engenharia-eletrica\/","url":"https:\/\/lutsot.com.br\/index.php\/engenharia-eletrica\/","name":"Engenharia El\u00e9trica - LUTSOT","isPartOf":{"@id":"https:\/\/lutsot.com.br\/#website"},"primaryImageOfPage":{"@id":"https:\/\/lutsot.com.br\/index.php\/engenharia-eletrica\/#primaryimage"},"image":{"@id":"https:\/\/lutsot.com.br\/index.php\/engenharia-eletrica\/#primaryimage"},"thumbnailUrl":"https:\/\/lutsot.com.br\/wp-content\/uploads\/2022\/07\/Prancheta-1-768x768.png","datePublished":"2022-07-07T20:18:53+00:00","dateModified":"2022-07-14T15:37:49+00:00","breadcrumb":{"@id":"https:\/\/lutsot.com.br\/index.php\/engenharia-eletrica\/#breadcrumb"},"inLanguage":"pt-BR","potentialAction":[{"@type":"ReadAction","target":["https:\/\/lutsot.com.br\/index.php\/engenharia-eletrica\/"]}]},{"@type":"ImageObject","inLanguage":"pt-BR","@id":"https:\/\/lutsot.com.br\/index.php\/engenharia-eletrica\/#primaryimage","url":"https:\/\/lutsot.com.br\/wp-content\/uploads\/2022\/07\/Prancheta-1.png","contentUrl":"https:\/\/lutsot.com.br\/wp-content\/uploads\/2022\/07\/Prancheta-1.png","width":1080,"height":1080},{"@type":"BreadcrumbList","@id":"https:\/\/lutsot.com.br\/index.php\/engenharia-eletrica\/#breadcrumb","itemListElement":[{"@type":"ListItem","position":1,"name":"In\u00edcio","item":"https:\/\/lutsot.com.br\/"},{"@type":"ListItem","position":2,"name":"Engenharia El\u00e9trica"}]},{"@type":"WebSite","@id":"https:\/\/lutsot.com.br\/#website","url":"https:\/\/lutsot.com.br\/","name":"LUTSOT","description":"Engenharia de Projetos","publisher":{"@id":"https:\/\/lutsot.com.br\/#organization"},"potentialAction":[{"@type":"SearchAction","target":{"@type":"EntryPoint","urlTemplate":"https:\/\/lutsot.com.br\/?s={search_term_string}"},"query-input":{"@type":"PropertyValueSpecification","valueRequired":true,"valueName":"search_term_string"}}],"inLanguage":"pt-BR"},{"@type":"Organization","@id":"https:\/\/lutsot.com.br\/#organization","name":"LUTSOT","url":"https:\/\/lutsot.com.br\/","logo":{"@type":"ImageObject","inLanguage":"pt-BR","@id":"https:\/\/lutsot.com.br\/#\/schema\/logo\/image\/","url":"https:\/\/lutsot.com.br\/wp-content\/uploads\/2022\/07\/LutSot_Engenharia_Logotipo_350x100-1.png","contentUrl":"https:\/\/lutsot.com.br\/wp-content\/uploads\/2022\/07\/LutSot_Engenharia_Logotipo_350x100-1.png","width":244,"height":100,"caption":"LUTSOT"},"image":{"@id":"https:\/\/lutsot.com.br\/#\/schema\/logo\/image\/"},"sameAs":["https:\/\/www.linkedin.com\/company\/lutsot---desenvolvimento-de-projetos\/"]}]}},"_links":{"self":[{"href":"https:\/\/lutsot.com.br\/index.php\/wp-json\/wp\/v2\/pages\/204","targetHints":{"allow":["GET"]}}],"collection":[{"href":"https:\/\/lutsot.com.br\/index.php\/wp-json\/wp\/v2\/pages"}],"about":[{"href":"https:\/\/lutsot.com.br\/index.php\/wp-json\/wp\/v2\/types\/page"}],"author":[{"embeddable":true,"href":"https:\/\/lutsot.com.br\/index.php\/wp-json\/wp\/v2\/users\/1"}],"replies":[{"embeddable":true,"href":"https:\/\/lutsot.com.br\/index.php\/wp-json\/wp\/v2\/comments?post=204"}],"version-history":[{"count":26,"href":"https:\/\/lutsot.com.br\/index.php\/wp-json\/wp\/v2\/pages\/204\/revisions"}],"predecessor-version":[{"id":1771,"href":"https:\/\/lutsot.com.br\/index.php\/wp-json\/wp\/v2\/pages\/204\/revisions\/1771"}],"wp:attachment":[{"href":"https:\/\/lutsot.com.br\/index.php\/wp-json\/wp\/v2\/media?parent=204"}],"curies":[{"name":"wp","href":"https:\/\/api.w.org\/{rel}","templated":true}]}}